{"id":44,"date":"2016-12-20T09:41:54","date_gmt":"2016-12-20T09:41:54","guid":{"rendered":"https:\/\/cargofuse.com\/?page_id=44"},"modified":"2026-04-20T17:02:29","modified_gmt":"2026-04-20T17:02:29","slug":"contact-us","status":"publish","type":"page","link":"https:\/\/cargofuse.com\/fr\/contact-us\/","title":{"rendered":"Contactez nous"},"content":{"rendered":"<p>[et_pb_section fb_built=&#8221;1&#8243; custom_padding_last_edited=&#8221;on|desktop&#8221; admin_label=&#8221;section&#8221; _builder_version=&#8221;4.16&#8243; custom_padding=&#8221;||82px|||&#8221; custom_padding_tablet=&#8221;50px|0|50px|0&#8243; custom_padding_phone=&#8221;&#8221; transparent_background=&#8221;off&#8221; padding_mobile=&#8221;off&#8221; global_colors_info=&#8221;{}&#8221;][et_pb_row column_structure=&#8221;1_2,1_2&#8243; padding_mobile=&#8221;off&#8221; column_padding_mobile=&#8221;on&#8221; module_class=&#8221; et_pb_row_fullwidth&#8221; _builder_version=&#8221;4.16&#8243; background_size=&#8221;initial&#8221; background_position=&#8221;top_left&#8221; background_repeat=&#8221;repeat&#8221; width=&#8221;89%&#8221; width_tablet=&#8221;80%&#8221; width_phone=&#8221;80%&#8221; width_last_edited=&#8221;on|desktop&#8221; max_width=&#8221;89%&#8221; max_width_tablet=&#8221;80%&#8221; max_width_phone=&#8221;80%&#8221; max_width_last_edited=&#8221;on|desktop&#8221; make_fullwidth=&#8221;on&#8221; global_colors_info=&#8221;{}&#8221;][et_pb_column type=&#8221;1_2&#8243; _builder_version=&#8221;4.16&#8243; custom_padding=&#8221;|||&#8221; global_colors_info=&#8221;{}&#8221; custom_padding__hover=&#8221;|||&#8221;][et_pb_text _builder_version=&#8221;4.25.0&#8243; text_font_size=&#8221;17&#8243; text_line_height=&#8221;1em&#8221; header_font_size=&#8221;26px&#8221; header_line_height=&#8221;1.1em&#8221; background_size=&#8221;initial&#8221; background_position=&#8221;top_left&#8221; background_repeat=&#8221;repeat&#8221; use_border_color=&#8221;off&#8221; global_colors_info=&#8221;{}&#8221;]<\/p>\n<p>&nbsp;<\/p>\n<h2><strong>Nous aimerions vous entendre<\/strong><\/h2>\n<h1><span style=\"font-size: 14pt; color: #333333;\">Pour toute question nous concernant ou concernant nos services, pour tout commentaire ou suggestion, et pour toute demande de devis ou de service, n'h\u00e9sitez pas \u00e0 nous contacter \u00e0 l'une des adresses suivantes.<\/span><\/h1>\n<p>&nbsp;<\/p>\n<p>[\/et_pb_text][\/et_pb_column][et_pb_column type=&#8221;1_2&#8243; _builder_version=&#8221;4.16&#8243; custom_padding=&#8221;|||&#8221; global_colors_info=&#8221;{}&#8221; custom_padding__hover=&#8221;|||&#8221;][et_pb_divider show_divider=&#8221;off&#8221; disabled_on=&#8221;on|on|off&#8221; _builder_version=&#8221;4.16&#8243; hide_on_mobile=&#8221;on&#8221; global_colors_info=&#8221;{}&#8221;]<br \/>\n[\/et_pb_divider][et_pb_contact_form email=&#8221;info@cargofuse.com&#8221; success_message=&#8221;Thank you for contacting us, we&#8217;ll be back to you within 2 business days&#8221; module_id=&#8221;et_pb_contact_form_0&#8243; _builder_version=&#8221;4.16&#8243; _unique_id=&#8221;ed5d26bd-44bd-40d1-b017-8eed62da5e4f&#8221; border_radii=&#8221;on|0px|0px|0px|0px&#8221; use_border_color=&#8221;off&#8221; border_color=&#8221;#ffffff&#8221; border_width=&#8221;1px&#8221; border_style=&#8221;solid&#8221; input_border_radius=&#8221;0&#8243; global_colors_info=&#8221;{}&#8221;][et_pb_contact_field field_id=&#8221;Name&#8221; field_title=&#8221;Name&#8221; _builder_version=&#8221;4.16&#8243; border_radii=&#8221;on|0px|0px|0px|0px&#8221; input_border_radius=&#8221;0&#8243; global_colors_info=&#8221;{}&#8221; button_text_size__hover_enabled=&#8221;off&#8221; button_one_text_size__hover_enabled=&#8221;off&#8221; button_two_text_size__hover_enabled=&#8221;off&#8221; button_text_color__hover_enabled=&#8221;off&#8221; button_one_text_color__hover_enabled=&#8221;off&#8221; button_two_text_color__hover_enabled=&#8221;off&#8221; button_border_width__hover_enabled=&#8221;off&#8221; button_one_border_width__hover_enabled=&#8221;off&#8221; button_two_border_width__hover_enabled=&#8221;off&#8221; button_border_color__hover_enabled=&#8221;off&#8221; button_one_border_color__hover_enabled=&#8221;off&#8221; button_two_border_color__hover_enabled=&#8221;off&#8221; button_border_radius__hover_enabled=&#8221;off&#8221; button_one_border_radius__hover_enabled=&#8221;off&#8221; button_two_border_radius__hover_enabled=&#8221;off&#8221; button_letter_spacing__hover_enabled=&#8221;off&#8221; button_one_letter_spacing__hover_enabled=&#8221;off&#8221; button_two_letter_spacing__hover_enabled=&#8221;off&#8221; button_bg_color__hover_enabled=&#8221;off&#8221; button_one_bg_color__hover_enabled=&#8221;off&#8221; button_two_bg_color__hover_enabled=&#8221;off&#8221;][\/et_pb_contact_field][et_pb_contact_field field_id=&#8221;Email&#8221; field_title=&#8221;Email Address&#8221; field_type=&#8221;email&#8221; _builder_version=&#8221;4.16&#8243; border_radii=&#8221;on|0px|0px|0px|0px&#8221; input_border_radius=&#8221;0&#8243; global_colors_info=&#8221;{}&#8221; button_text_size__hover_enabled=&#8221;off&#8221; button_one_text_size__hover_enabled=&#8221;off&#8221; button_two_text_size__hover_enabled=&#8221;off&#8221; button_text_color__hover_enabled=&#8221;off&#8221; button_one_text_color__hover_enabled=&#8221;off&#8221; button_two_text_color__hover_enabled=&#8221;off&#8221; button_border_width__hover_enabled=&#8221;off&#8221; button_one_border_width__hover_enabled=&#8221;off&#8221; button_two_border_width__hover_enabled=&#8221;off&#8221; button_border_color__hover_enabled=&#8221;off&#8221; button_one_border_color__hover_enabled=&#8221;off&#8221; button_two_border_color__hover_enabled=&#8221;off&#8221; button_border_radius__hover_enabled=&#8221;off&#8221; button_one_border_radius__hover_enabled=&#8221;off&#8221; button_two_border_radius__hover_enabled=&#8221;off&#8221; button_letter_spacing__hover_enabled=&#8221;off&#8221; button_one_letter_spacing__hover_enabled=&#8221;off&#8221; button_two_letter_spacing__hover_enabled=&#8221;off&#8221; button_bg_color__hover_enabled=&#8221;off&#8221; button_one_bg_color__hover_enabled=&#8221;off&#8221; button_two_bg_color__hover_enabled=&#8221;off&#8221;][\/et_pb_contact_field][et_pb_contact_field field_id=&#8221;Message&#8221; field_title=&#8221;Message&#8221; field_type=&#8221;text&#8221; fullwidth_field=&#8221;on&#8221; _builder_version=&#8221;4.16&#8243; border_radii=&#8221;on|0px|0px|0px|0px&#8221; input_border_radius=&#8221;0&#8243; global_colors_info=&#8221;{}&#8221; button_text_size__hover_enabled=&#8221;off&#8221; button_one_text_size__hover_enabled=&#8221;off&#8221; button_two_text_size__hover_enabled=&#8221;off&#8221; button_text_color__hover_enabled=&#8221;off&#8221; button_one_text_color__hover_enabled=&#8221;off&#8221; button_two_text_color__hover_enabled=&#8221;off&#8221; button_border_width__hover_enabled=&#8221;off&#8221; button_one_border_width__hover_enabled=&#8221;off&#8221; button_two_border_width__hover_enabled=&#8221;off&#8221; button_border_color__hover_enabled=&#8221;off&#8221; button_one_border_color__hover_enabled=&#8221;off&#8221; button_two_border_color__hover_enabled=&#8221;off&#8221; button_border_radius__hover_enabled=&#8221;off&#8221; button_one_border_radius__hover_enabled=&#8221;off&#8221; button_two_border_radius__hover_enabled=&#8221;off&#8221; button_letter_spacing__hover_enabled=&#8221;off&#8221; button_one_letter_spacing__hover_enabled=&#8221;off&#8221; button_two_letter_spacing__hover_enabled=&#8221;off&#8221; button_bg_color__hover_enabled=&#8221;off&#8221; button_one_bg_color__hover_enabled=&#8221;off&#8221; button_two_bg_color__hover_enabled=&#8221;off&#8221;][\/et_pb_contact_field][\/et_pb_contact_form][\/et_pb_column][\/et_pb_row][\/et_pb_section][et_pb_section fb_built=&#8221;1&#8243; _builder_version=&#8221;4.25.0&#8243; _module_preset=&#8221;default&#8221; background_color=&#8221;#f4f4f4&#8243; custom_margin=&#8221;||65px|||&#8221; custom_padding=&#8221;87px||87px||true|false&#8221; global_colors_info=&#8221;{}&#8221;][et_pb_row column_structure=&#8221;2_5,3_5&#8243; module_id=&#8221;Lebanon&#8221; _builder_version=&#8221;4.25.0&#8243; _module_preset=&#8221;default&#8221; global_colors_info=&#8221;{}&#8221;][et_pb_column type=&#8221;2_5&#8243; _builder_version=&#8221;4.25.0&#8243; _module_preset=&#8221;default&#8221; global_colors_info=&#8221;{}&#8221;][et_pb_text _builder_version=&#8221;4.25.0&#8243; text_font_size=&#8221;17&#8243; text_line_height=&#8221;1em&#8221; header_font_size=&#8221;26px&#8221; header_line_height=&#8221;1.1em&#8221; background_size=&#8221;initial&#8221; background_position=&#8221;top_left&#8221; background_repeat=&#8221;repeat&#8221; custom_margin=&#8221;||-2px|||&#8221; use_border_color=&#8221;off&#8221; locked=&#8221;off&#8221; global_colors_info=&#8221;{}&#8221;]<\/p>\n<h1><span style=\"color: #000000;\"><span style=\"font-size: 14pt;\"> <\/span><span style=\"text-decoration: underline;\"><strong>Liban<\/strong><\/span><\/span><\/h1>\n<p><span style=\"color: #000000;\">CARGOFUSE LIBAN<\/span><\/p>\n<p style=\"text-align: left;\"><span style=\"color: #000000;\"><strong>Adresse : <\/strong><\/span><\/p>\n<p style=\"text-align: left;\"><span style=\"color: #000000;\">Nouveau Jdeideh<\/span><\/p>\n<p style=\"text-align: left;\"><span style=\"color: #000000;\">B\u00e2timent Saliba, 2\u00e8me \u00e9tage<\/span><\/p>\n<p style=\"text-align: left;\"><span style=\"color: #000000;\">Liban<\/span><\/p>\n<p><span style=\"color: #333333;\"><span style=\"color: #000000;\"><strong>T\u00e9l\u00e9phone :<\/strong><\/span> <a href=\"tel:+9611891058\">+961-1891058<\/a><\/span><\/p>\n<p><span style=\"color: #000000;\"><strong>Fax :<\/strong> +961-1891014<\/span><\/p>\n<p><span style=\"color: #000000;\"><strong>Courriel :<\/strong><\/span> <a href=\"mailto:info@cargofuse.com\">info@cargofuse.com<\/a><\/p>\n<p>&nbsp;<\/p>\n<p>[\/et_pb_text][et_pb_image src=&#8221;http:\/\/cargofuse.com\/wp-content\/uploads\/2019\/04\/cflogoNew-2.jpg&#8221; title_text=&#8221;cflogoNew&#8221; _builder_version=&#8221;4.25.0&#8243; _module_preset=&#8221;default&#8221; max_width=&#8221;35%&#8221; custom_padding=&#8221;0px|||||&#8221; global_colors_info=&#8221;{}&#8221;][\/et_pb_image][\/et_pb_column][et_pb_column type=&#8221;3_5&#8243; _builder_version=&#8221;4.25.0&#8243; _module_preset=&#8221;default&#8221; global_colors_info=&#8221;{}&#8221;][et_pb_code _builder_version=&#8221;4.27.6&#8243; _module_preset=&#8221;default&#8221; hover_enabled=&#8221;0&#8243; border_radii=&#8221;on|24px|24px|24px|24px&#8221; global_colors_info=&#8221;{}&#8221; sticky_enabled=&#8221;0&#8243;]<iframe src=\"https:\/\/www.google.com\/maps\/embed?pb=!1m18!1m12!1m3!1d3311.8139893172765!2d35.562539075169994!3d33.89444412604701!2m3!1f0!2f0!3f0!3m2!1i1024!2i768!4f13.1!3m3!1m2!1s0x151f17331e385fbd%3A0x2173edc26d2f23b8!2sCargoFuse!5e0!3m2!1sen!2slb!4v1714489164172!5m2!1sen!2slb\" width=\"600\" height=\"450\" style=\"border:0;\" allowfullscreen=\"\" loading=\"lazy\" referrerpolicy=\"no-referrer-when-downgrade\"><\/iframe>[\/et_pb_code][\/et_pb_column][\/et_pb_row][\/et_pb_section][et_pb_section fb_built=&#8221;1&#8243; _builder_version=&#8221;4.25.0&#8243; _module_preset=&#8221;default&#8221; custom_margin=&#8221;||-4px|||&#8221; custom_padding=&#8221;||65px|||&#8221; global_colors_info=&#8221;{}&#8221;][et_pb_row column_structure=&#8221;2_5,3_5&#8243; module_id=&#8221;france&#8221; _builder_version=&#8221;4.25.0&#8243; _module_preset=&#8221;default&#8221; global_colors_info=&#8221;{}&#8221;][et_pb_column type=&#8221;2_5&#8243; _builder_version=&#8221;4.25.0&#8243; _module_preset=&#8221;default&#8221; global_colors_info=&#8221;{}&#8221;][et_pb_text _builder_version=&#8221;4.27.6&#8243; text_text_color=&#8221;#000000&#8243; text_font_size=&#8221;17&#8243; text_line_height=&#8221;1.2em&#8221; header_font_size=&#8221;26px&#8221; header_line_height=&#8221;1.1em&#8221; background_size=&#8221;initial&#8221; background_position=&#8221;top_left&#8221; background_repeat=&#8221;repeat&#8221; use_border_color=&#8221;off&#8221; locked=&#8221;off&#8221; global_colors_info=&#8221;{}&#8221;]<\/p>\n<h1><span style=\"color: #000000;\"><span style=\"font-size: 14pt;\"> <\/span><span style=\"text-decoration: underline;\"><strong>France<\/strong><\/span><\/span><\/h1>\n<p><span style=\"color: #000000;\">CARGOFUSE EUROPE<\/span><\/p>\n<p><span style=\"color: #000000;\"><strong>Adresse :<\/strong> <\/span><\/p>\n<p><span style=\"color: #000000;\">82 Rue de Roissy<\/span><br \/><span style=\"color: #000000;\">93290 Tremblay-en-France<\/span><br \/><span style=\"color: #000000;\">France<\/span><\/p>\n<p><strong>T\u00e9l\u00e9phone :<\/strong><\/p>\n<p><span style=\"color: #000000;\"><a href=\"tel:+33652747102\">+33652747102<\/a><br \/><\/span><\/p>\n<p><a href=\"tel:+33784290658\"><span> +33784290658<\/span><\/a><\/p>\n<p><span style=\"color: #000000;\"><strong>Courriel :<\/strong><\/span><\/p>\n<p><span style=\"color: #000000;\"><a href=\"mailto:info.europe@cargofuse.com\">info.europe@cargofuse.com<\/a><\/span><\/p>\n<p>[\/et_pb_text][et_pb_image src=&#8221;http:\/\/cargofuse.com\/wp-content\/uploads\/2024\/04\/cargofuse-europe-logo.jpg&#8221; title_text=&#8221;cargofuse europe logo&#8221; _builder_version=&#8221;4.25.0&#8243; _module_preset=&#8221;default&#8221; max_width=&#8221;35%&#8221; global_colors_info=&#8221;{}&#8221;][\/et_pb_image][\/et_pb_column][et_pb_column type=&#8221;3_5&#8243; _builder_version=&#8221;4.25.0&#8243; _module_preset=&#8221;default&#8221; global_colors_info=&#8221;{}&#8221;][et_pb_code _builder_version=&#8221;4.27.6&#8243; _module_preset=&#8221;default&#8221; global_colors_info=&#8221;{}&#8221; border_radii=&#8221;on|24px|24px|24px|24px&#8221;]<iframe src=\"https:\/\/www.google.com\/maps\/embed?pb=!1m18!1m12!1m3!1d2369.454696401993!2d2.546360275969442!3d48.9852262917729!2m3!1f0!2f0!3f0!3m2!1i1024!2i768!4f13.1!3m3!1m2!1s0x47e615dac4ced9c3%3A0x5f3a2f84c970802d!2s82%20Rue%20de%20Roissy%2C%2093290%20Tremblay-en-France%2C%20France!5e1!3m2!1sen!2sth!4v1776703989804!5m2!1sen!2sth\" width=\"600\" height=\"450\" style=\"border:0;\" allowfullscreen=\"\" loading=\"lazy\" referrerpolicy=\"no-referrer-when-downgrade\"><\/iframe>[\/et_pb_code][\/et_pb_column][\/et_pb_row][\/et_pb_section][et_pb_section fb_built=&#8221;1&#8243; _builder_version=&#8221;4.25.0&#8243; _module_preset=&#8221;default&#8221; background_color=&#8221;#f4f4f4&#8243; custom_padding=&#8221;99px||99px||true|false&#8221; global_colors_info=&#8221;{}&#8221;][et_pb_row column_structure=&#8221;2_5,3_5&#8243; module_id=&#8221;armenia&#8221; _builder_version=&#8221;4.25.0&#8243; _module_preset=&#8221;default&#8221; global_colors_info=&#8221;{}&#8221;][et_pb_column type=&#8221;2_5&#8243; _builder_version=&#8221;4.25.0&#8243; _module_preset=&#8221;default&#8221; global_colors_info=&#8221;{}&#8221;][et_pb_text _builder_version=&#8221;4.25.0&#8243; text_font_size=&#8221;17&#8243; text_line_height=&#8221;1em&#8221; header_font_size=&#8221;26px&#8221; header_line_height=&#8221;1.1em&#8221; background_size=&#8221;initial&#8221; background_position=&#8221;top_left&#8221; background_repeat=&#8221;repeat&#8221; use_border_color=&#8221;off&#8221; locked=&#8221;off&#8221; global_colors_info=&#8221;{}&#8221;]<\/p>\n<h1><span style=\"text-decoration: underline;\"><strong>Arm\u00e9nie<\/strong><\/span><\/h1>\n<p><span style=\"text-decoration: underline;\"><strong><\/strong><\/span><\/p>\n<p><span style=\"color: #000000;\">CARGOFUSE EURASIE<\/span><\/p>\n<p><span style=\"color: #000000;\"><strong>Adresse : <\/strong>1 rue des charents<\/span><\/p>\n<p><span style=\"color: #000000;\">Salle 210, Erevan 0025<\/span><\/p>\n<p><span style=\"color: #000000;\">Arm\u00e9nie<\/span><\/p>\n<p><span style=\"color: #000000;\"><strong>T\u00e9l\u00e9phone :<\/strong> <\/span><a href=\"tel:+3740093258002\">+3740093258002<\/a><\/p>\n<p><span style=\"color: #000000;\"><strong>Courriel : <\/strong><\/span><a href=\"mailto:Info.eurasia@cargofuse.com\">Info.eurasia@cargofuse.com<\/a><a href=\"mailto:info.europe@cargofuse.com\"><\/a><\/p>\n<p>[\/et_pb_text][et_pb_image src=&#8221;http:\/\/cargofuse.com\/wp-content\/uploads\/2024\/04\/eurasia.png&#8221; title_text=&#8221;eurasia&#8221; _builder_version=&#8221;4.25.0&#8243; _module_preset=&#8221;default&#8221; max_width=&#8221;35%&#8221; global_colors_info=&#8221;{}&#8221;][\/et_pb_image][\/et_pb_column][et_pb_column type=&#8221;3_5&#8243; _builder_version=&#8221;4.25.0&#8243; _module_preset=&#8221;default&#8221; global_colors_info=&#8221;{}&#8221;][et_pb_code _builder_version=&#8221;4.27.6&#8243; _module_preset=&#8221;default&#8221; border_radii=&#8221;on|24px|24px|24px|24px&#8221; global_colors_info=&#8221;{}&#8221;]<iframe src=\"https:\/\/www.google.com\/maps\/embed?pb=!1m18!1m12!1m3!1d190.54746386389155!2d44.52441579432876!3d40.16990985625806!2m3!1f0!2f0!3f0!3m2!1i1024!2i768!4f13.1!3m3!1m2!1s0x406abc8b180551e9%3A0xf23f954af36e9551!2s76%2C%201%20Charents%20St%2C%20Yerevan%200025%2C%20Armenia!5e0!3m2!1sen!2slb!4v1714488623292!5m2!1sen!2slb\" width=\"600\" height=\"450\" style=\"border:0;\" allowfullscreen=\"\" loading=\"lazy\" referrerpolicy=\"no-referrer-when-downgrade\"><\/iframe>[\/et_pb_code][\/et_pb_column][\/et_pb_row][\/et_pb_section]<\/p>","protected":false},"excerpt":{"rendered":"<p>&nbsp; We&#8217;d like to hear from you For any query about us or our services, any feedback or suggestion, and any quote or service request, please do not hesitate to contact us on any of the following. &nbsp; Lebanon CARGOFUSE LEBANON Address: New Jdeideh Saliba bldg. 2nd Floor Lebanon Phone: +961-1891058 Fax: +961-1891014 Email: info@cargofuse.com [&hellip;]<\/p>","protected":false},"author":1,"featured_media":0,"parent":0,"menu_order":0,"comment_status":"closed","ping_status":"closed","template":"","meta":{"_et_pb_use_builder":"on","_et_pb_old_content":"","_et_gb_content_width":"","inline_featured_image":false,"footnotes":""},"class_list":["post-44","page","type-page","status-publish","hentry"],"yoast_head":"<!-- This site is optimized with the Yoast SEO plugin v24.0 - https:\/\/yoast.com\/wordpress\/plugins\/seo\/ -->\n<title>Contact us - CargoFuse<\/title>\n<meta name=\"robots\" content=\"index, follow, max-snippet:-1, max-image-preview:large, max-video-preview:-1\" \/>\n<link rel=\"canonical\" href=\"https:\/\/cargofuse.com\/fr\/contact-us\/\" \/>\n<meta property=\"og:locale\" content=\"fr_FR\" \/>\n<meta property=\"og:type\" content=\"article\" \/>\n<meta property=\"og:title\" content=\"Contact us - CargoFuse\" \/>\n<meta property=\"og:description\" content=\"&nbsp; We&#039;d like to hear from you For any query about us or our services, any feedback or suggestion, and any quote or service request, please do not hesitate to contact us on any of the following. &nbsp; Lebanon CARGOFUSE LEBANON Address: New Jdeideh Saliba bldg. 2nd Floor Lebanon Phone: +961-1891058 Fax: +961-1891014 Email: info@cargofuse.com [&hellip;]\" \/>\n<meta property=\"og:url\" content=\"https:\/\/cargofuse.com\/fr\/contact-us\/\" \/>\n<meta property=\"og:site_name\" content=\"CargoFuse\" \/>\n<meta property=\"article:modified_time\" content=\"2026-04-20T17:02:29+00:00\" \/>\n<meta name=\"twitter:card\" content=\"summary_large_image\" \/>\n<meta name=\"twitter:label1\" content=\"Dur\u00e9e de lecture estim\u00e9e\" \/>\n\t<meta name=\"twitter:data1\" content=\"7 minutes\" \/>\n<script type=\"application\/ld+json\" class=\"yoast-schema-graph\">{\"@context\":\"https:\/\/schema.org\",\"@graph\":[{\"@type\":\"WebPage\",\"@id\":\"https:\/\/cargofuse.com\/contact-us\/\",\"url\":\"https:\/\/cargofuse.com\/contact-us\/\",\"name\":\"Contact us - CargoFuse\",\"isPartOf\":{\"@id\":\"https:\/\/cargofuse.com\/#website\"},\"datePublished\":\"2016-12-20T09:41:54+00:00\",\"dateModified\":\"2026-04-20T17:02:29+00:00\",\"breadcrumb\":{\"@id\":\"https:\/\/cargofuse.com\/contact-us\/#breadcrumb\"},\"inLanguage\":\"fr-FR\",\"potentialAction\":[{\"@type\":\"ReadAction\",\"target\":[\"https:\/\/cargofuse.com\/contact-us\/\"]}]},{\"@type\":\"BreadcrumbList\",\"@id\":\"https:\/\/cargofuse.com\/contact-us\/#breadcrumb\",\"itemListElement\":[{\"@type\":\"ListItem\",\"position\":1,\"name\":\"Home\",\"item\":\"https:\/\/cargofuse.com\/\"},{\"@type\":\"ListItem\",\"position\":2,\"name\":\"Contact us\"}]},{\"@type\":\"WebSite\",\"@id\":\"https:\/\/cargofuse.com\/#website\",\"url\":\"https:\/\/cargofuse.com\/\",\"name\":\"CargoFuse\",\"description\":\"Import &amp; Export To The World\",\"potentialAction\":[{\"@type\":\"SearchAction\",\"target\":{\"@type\":\"EntryPoint\",\"urlTemplate\":\"https:\/\/cargofuse.com\/?s={search_term_string}\"},\"query-input\":{\"@type\":\"PropertyValueSpecification\",\"valueRequired\":true,\"valueName\":\"search_term_string\"}}],\"inLanguage\":\"fr-FR\"}]}<\/script>\n<!-- \/ Yoast SEO plugin. -->","yoast_head_json":{"title":"Contact us - CargoFuse","robots":{"index":"index","follow":"follow","max-snippet":"max-snippet:-1","max-image-preview":"max-image-preview:large","max-video-preview":"max-video-preview:-1"},"canonical":"https:\/\/cargofuse.com\/fr\/contact-us\/","og_locale":"fr_FR","og_type":"article","og_title":"Contact us - CargoFuse","og_description":"&nbsp; We'd like to hear from you For any query about us or our services, any feedback or suggestion, and any quote or service request, please do not hesitate to contact us on any of the following. &nbsp; Lebanon CARGOFUSE LEBANON Address: New Jdeideh Saliba bldg. 2nd Floor Lebanon Phone: +961-1891058 Fax: +961-1891014 Email: info@cargofuse.com [&hellip;]","og_url":"https:\/\/cargofuse.com\/fr\/contact-us\/","og_site_name":"CargoFuse","article_modified_time":"2026-04-20T17:02:29+00:00","twitter_card":"summary_large_image","twitter_misc":{"Dur\u00e9e de lecture estim\u00e9e":"7 minutes"},"schema":{"@context":"https:\/\/schema.org","@graph":[{"@type":"WebPage","@id":"https:\/\/cargofuse.com\/contact-us\/","url":"https:\/\/cargofuse.com\/contact-us\/","name":"Contact us - CargoFuse","isPartOf":{"@id":"https:\/\/cargofuse.com\/#website"},"datePublished":"2016-12-20T09:41:54+00:00","dateModified":"2026-04-20T17:02:29+00:00","breadcrumb":{"@id":"https:\/\/cargofuse.com\/contact-us\/#breadcrumb"},"inLanguage":"fr-FR","potentialAction":[{"@type":"ReadAction","target":["https:\/\/cargofuse.com\/contact-us\/"]}]},{"@type":"BreadcrumbList","@id":"https:\/\/cargofuse.com\/contact-us\/#breadcrumb","itemListElement":[{"@type":"ListItem","position":1,"name":"Home","item":"https:\/\/cargofuse.com\/"},{"@type":"ListItem","position":2,"name":"Contact us"}]},{"@type":"WebSite","@id":"https:\/\/cargofuse.com\/#website","url":"https:\/\/cargofuse.com\/","name":"CargoFuse","description":"Import &amp; Export To The World","potentialAction":[{"@type":"SearchAction","target":{"@type":"EntryPoint","urlTemplate":"https:\/\/cargofuse.com\/?s={search_term_string}"},"query-input":{"@type":"PropertyValueSpecification","valueRequired":true,"valueName":"search_term_string"}}],"inLanguage":"fr-FR"}]}},"_links":{"self":[{"href":"https:\/\/cargofuse.com\/fr\/wp-json\/wp\/v2\/pages\/44","targetHints":{"allow":["GET"]}}],"collection":[{"href":"https:\/\/cargofuse.com\/fr\/wp-json\/wp\/v2\/pages"}],"about":[{"href":"https:\/\/cargofuse.com\/fr\/wp-json\/wp\/v2\/types\/page"}],"author":[{"embeddable":true,"href":"https:\/\/cargofuse.com\/fr\/wp-json\/wp\/v2\/users\/1"}],"replies":[{"embeddable":true,"href":"https:\/\/cargofuse.com\/fr\/wp-json\/wp\/v2\/comments?post=44"}],"version-history":[{"count":0,"href":"https:\/\/cargofuse.com\/fr\/wp-json\/wp\/v2\/pages\/44\/revisions"}],"wp:attachment":[{"href":"https:\/\/cargofuse.com\/fr\/wp-json\/wp\/v2\/media?parent=44"}],"curies":[{"name":"wp","href":"https:\/\/api.w.org\/{rel}","templated":true}]}}