{"id":46,"date":"2016-12-20T09:42:54","date_gmt":"2016-12-20T09:42:54","guid":{"rendered":"https:\/\/cargofuse.com\/?page_id=46"},"modified":"2024-04-11T11:05:35","modified_gmt":"2024-04-11T11:05:35","slug":"careers","status":"publish","type":"page","link":"https:\/\/cargofuse.com\/fr\/careers\/","title":{"rendered":"Carri\u00e8res"},"content":{"rendered":"<p>[et_pb_section fb_built=&#8221;1&#8243; custom_padding_last_edited=&#8221;on|desktop&#8221; admin_label=&#8221;Section&#8221; module_id=&#8221;text&#8221; _builder_version=&#8221;4.16&#8243; custom_padding_tablet=&#8221;50px|0|50px|0&#8243; custom_padding_phone=&#8221;&#8221; transparent_background=&#8221;off&#8221; padding_mobile=&#8221;off&#8221; make_fullwidth=&#8221;off&#8221; use_custom_width=&#8221;off&#8221; width_unit=&#8221;on&#8221; custom_width_px=&#8221;1080px&#8221; custom_width_percent=&#8221;80%&#8221; global_colors_info=&#8221;{}&#8221;][et_pb_row padding_mobile=&#8221;off&#8221; column_padding_mobile=&#8221;on&#8221; admin_label=&#8221;row&#8221; _builder_version=&#8221;4.16&#8243; background_size=&#8221;initial&#8221; background_position=&#8221;top_left&#8221; background_repeat=&#8221;repeat&#8221; make_fullwidth=&#8221;off&#8221; use_custom_width=&#8221;off&#8221; width_unit=&#8221;on&#8221; custom_width_px=&#8221;1080px&#8221; custom_width_percent=&#8221;80%&#8221; global_colors_info=&#8221;{}&#8221;][et_pb_column type=&#8221;4_4&#8243; _builder_version=&#8221;4.16&#8243; custom_padding=&#8221;|||&#8221; global_colors_info=&#8221;{}&#8221; custom_padding__hover=&#8221;|||&#8221;][et_pb_text admin_label=&#8221;Text&#8221; _builder_version=&#8221;4.16&#8243; text_line_height=&#8221;1.4em&#8221; header_font_size=&#8221;16px&#8221; header_line_height=&#8221;1.4em&#8221; background_size=&#8221;initial&#8221; background_position=&#8221;top_left&#8221; background_repeat=&#8221;repeat&#8221; use_border_color=&#8221;off&#8221; border_color=&#8221;#ffffff&#8221; border_style=&#8221;solid&#8221; global_colors_info=&#8221;{}&#8221;]<\/p>\n<h3>Travailler avec nous<\/h3>\n<p><span style=\"font-size: 12pt;\">Chez CargoFuse, nous veillons \u00e0 ce que l'\u00e9galit\u00e9 des chances soit offerte aux individus, strictement sur la base de leurs comp\u00e9tences et de leur exp\u00e9rience. <\/span><span style=\"font-size: 12pt;\">les qualifications.\u00a0<\/span><span style=\"font-size: 12pt;\">Nous nous engageons \u00e0 faire de CargoFuse un lieu de travail agr\u00e9able, o\u00f9 les talents b\u00e9n\u00e9ficient d'un soutien, d'un d\u00e9veloppement et d'une promotion.\u00a0<\/span><\/p>\n<p><span style=\"font-size: 12pt;\">CargoFuse recherche des personnes tr\u00e8s motiv\u00e9es, d\u00e9sireuses de travailler en \u00e9quipe et de partager l'engagement, la responsabilit\u00e9 et la discipline n\u00e9cessaires \u00e0 l'obtention d'un excellent r\u00e9sultat.<\/span><\/p>\n<p>&nbsp;<\/p>\n<p><strong><span style=\"font-size: 14pt;\">\u00a0Envoyez votre CV<\/span><\/strong><\/p>\n<p><span style=\"font-size: 12pt;\">CargoFuse offre des opportunit\u00e9s d'emploi o\u00f9 vous pouvez d\u00e9velopper votre expertise et fa\u00e7onner des processus et des solutions innovantes. Nous d\u00e9veloppons continuellement notre r\u00e9seau mondial et notre portefeuille de produits, ce qui cr\u00e9e des opportunit\u00e9s de carri\u00e8re dans diff\u00e9rents domaines de travail dans le monde entier.<\/span><\/p>\n<p><span style=\"font-size: 12pt;\">Si vous souhaitez rejoindre notre \u00e9quipe, veuillez envoyer votre CV \u00e0 l'adresse suivante <a href=\"mailto:Careers@cargofuse.com\">Careers@cargofuse.com<\/a><\/span><\/p>\n<p>[\/et_pb_text][\/et_pb_column][\/et_pb_row][et_pb_row column_structure=&#8221;1_3,1_3,1_3&#8243; padding_mobile=&#8221;off&#8221; column_padding_mobile=&#8221;on&#8221; admin_label=&#8221;Row&#8221; _builder_version=&#8221;4.16&#8243; background_size=&#8221;initial&#8221; background_position=&#8221;top_left&#8221; background_repeat=&#8221;repeat&#8221; custom_padding=&#8221;||165px|||&#8221; make_fullwidth=&#8221;off&#8221; use_custom_width=&#8221;off&#8221; width_unit=&#8221;off&#8221; custom_width_px=&#8221;1080px&#8221; custom_width_percent=&#8221;80%&#8221; global_colors_info=&#8221;{}&#8221;][et_pb_column type=&#8221;1_3&#8243; _builder_version=&#8221;4.16&#8243; custom_padding=&#8221;|||&#8221; global_colors_info=&#8221;{}&#8221; custom_padding__hover=&#8221;|||&#8221;][\/et_pb_column][et_pb_column type=&#8221;1_3&#8243; _builder_version=&#8221;4.16&#8243; custom_padding=&#8221;|||&#8221; global_colors_info=&#8221;{}&#8221; custom_padding__hover=&#8221;|||&#8221;][et_pb_divider color=&#8221;#d6d6d6&#8243; divider_weight=&#8221;1px&#8221; disabled_on=&#8221;on|on|off&#8221; admin_label=&#8221;Divider&#8221; _builder_version=&#8221;4.16&#8243; hide_on_mobile=&#8221;on&#8221; global_colors_info=&#8221;{}&#8221;] [\/et_pb_divider][\/et_pb_column][et_pb_column type=&#8221;1_3&#8243; _builder_version=&#8221;4.16&#8243; custom_padding=&#8221;|||&#8221; global_colors_info=&#8221;{}&#8221; custom_padding__hover=&#8221;|||&#8221;][\/et_pb_column][\/et_pb_row][\/et_pb_section]<\/p>","protected":false},"excerpt":{"rendered":"<p>Work With Us At CargoFuse, we ensure that equal opportunities are offered to individuals, strictly, based on skills and qualifications.\u00a0We are committed to ensure that CargoFuse is an enjoyable place of work, where support, development and promotion are provided to talents.\u00a0 CargoFuse seeks people who are highly motivated and want to work in a team [&hellip;]<\/p>","protected":false},"author":1,"featured_media":0,"parent":0,"menu_order":0,"comment_status":"closed","ping_status":"closed","template":"","meta":{"_et_pb_use_builder":"on","_et_pb_old_content":"","_et_gb_content_width":"","inline_featured_image":false,"footnotes":""},"class_list":["post-46","page","type-page","status-publish","hentry"],"yoast_head":"<!-- This site is optimized with the Yoast SEO plugin v24.0 - https:\/\/yoast.com\/wordpress\/plugins\/seo\/ -->\n<title>Careers - CargoFuse<\/title>\n<meta name=\"robots\" content=\"index, follow, max-snippet:-1, max-image-preview:large, max-video-preview:-1\" \/>\n<link rel=\"canonical\" href=\"https:\/\/cargofuse.com\/fr\/careers\/\" \/>\n<meta property=\"og:locale\" content=\"fr_FR\" \/>\n<meta property=\"og:type\" content=\"article\" \/>\n<meta property=\"og:title\" content=\"Careers - CargoFuse\" \/>\n<meta property=\"og:description\" content=\"Work With Us At CargoFuse, we ensure that equal opportunities are offered to individuals, strictly, based on skills and qualifications.\u00a0We are committed to ensure that CargoFuse is an enjoyable place of work, where support, development and promotion are provided to talents.\u00a0 CargoFuse seeks people who are highly motivated and want to work in a team [&hellip;]\" \/>\n<meta property=\"og:url\" content=\"https:\/\/cargofuse.com\/fr\/careers\/\" \/>\n<meta property=\"og:site_name\" content=\"CargoFuse\" \/>\n<meta property=\"article:modified_time\" content=\"2024-04-11T11:05:35+00:00\" \/>\n<meta name=\"twitter:card\" content=\"summary_large_image\" \/>\n<meta name=\"twitter:label1\" content=\"Dur\u00e9e de lecture estim\u00e9e\" \/>\n\t<meta name=\"twitter:data1\" content=\"2 minutes\" \/>\n<script type=\"application\/ld+json\" class=\"yoast-schema-graph\">{\"@context\":\"https:\/\/schema.org\",\"@graph\":[{\"@type\":\"WebPage\",\"@id\":\"https:\/\/cargofuse.com\/careers\/\",\"url\":\"https:\/\/cargofuse.com\/careers\/\",\"name\":\"Careers - CargoFuse\",\"isPartOf\":{\"@id\":\"https:\/\/cargofuse.com\/#website\"},\"datePublished\":\"2016-12-20T09:42:54+00:00\",\"dateModified\":\"2024-04-11T11:05:35+00:00\",\"breadcrumb\":{\"@id\":\"https:\/\/cargofuse.com\/careers\/#breadcrumb\"},\"inLanguage\":\"fr-FR\",\"potentialAction\":[{\"@type\":\"ReadAction\",\"target\":[\"https:\/\/cargofuse.com\/careers\/\"]}]},{\"@type\":\"BreadcrumbList\",\"@id\":\"https:\/\/cargofuse.com\/careers\/#breadcrumb\",\"itemListElement\":[{\"@type\":\"ListItem\",\"position\":1,\"name\":\"Home\",\"item\":\"https:\/\/cargofuse.com\/\"},{\"@type\":\"ListItem\",\"position\":2,\"name\":\"Careers\"}]},{\"@type\":\"WebSite\",\"@id\":\"https:\/\/cargofuse.com\/#website\",\"url\":\"https:\/\/cargofuse.com\/\",\"name\":\"CargoFuse\",\"description\":\"Import &amp; Export To The World\",\"potentialAction\":[{\"@type\":\"SearchAction\",\"target\":{\"@type\":\"EntryPoint\",\"urlTemplate\":\"https:\/\/cargofuse.com\/?s={search_term_string}\"},\"query-input\":{\"@type\":\"PropertyValueSpecification\",\"valueRequired\":true,\"valueName\":\"search_term_string\"}}],\"inLanguage\":\"fr-FR\"}]}<\/script>\n<!-- \/ Yoast SEO plugin. -->","yoast_head_json":{"title":"Careers - CargoFuse","robots":{"index":"index","follow":"follow","max-snippet":"max-snippet:-1","max-image-preview":"max-image-preview:large","max-video-preview":"max-video-preview:-1"},"canonical":"https:\/\/cargofuse.com\/fr\/careers\/","og_locale":"fr_FR","og_type":"article","og_title":"Careers - CargoFuse","og_description":"Work With Us At CargoFuse, we ensure that equal opportunities are offered to individuals, strictly, based on skills and qualifications.\u00a0We are committed to ensure that CargoFuse is an enjoyable place of work, where support, development and promotion are provided to talents.\u00a0 CargoFuse seeks people who are highly motivated and want to work in a team [&hellip;]","og_url":"https:\/\/cargofuse.com\/fr\/careers\/","og_site_name":"CargoFuse","article_modified_time":"2024-04-11T11:05:35+00:00","twitter_card":"summary_large_image","twitter_misc":{"Dur\u00e9e de lecture estim\u00e9e":"2 minutes"},"schema":{"@context":"https:\/\/schema.org","@graph":[{"@type":"WebPage","@id":"https:\/\/cargofuse.com\/careers\/","url":"https:\/\/cargofuse.com\/careers\/","name":"Careers - CargoFuse","isPartOf":{"@id":"https:\/\/cargofuse.com\/#website"},"datePublished":"2016-12-20T09:42:54+00:00","dateModified":"2024-04-11T11:05:35+00:00","breadcrumb":{"@id":"https:\/\/cargofuse.com\/careers\/#breadcrumb"},"inLanguage":"fr-FR","potentialAction":[{"@type":"ReadAction","target":["https:\/\/cargofuse.com\/careers\/"]}]},{"@type":"BreadcrumbList","@id":"https:\/\/cargofuse.com\/careers\/#breadcrumb","itemListElement":[{"@type":"ListItem","position":1,"name":"Home","item":"https:\/\/cargofuse.com\/"},{"@type":"ListItem","position":2,"name":"Careers"}]},{"@type":"WebSite","@id":"https:\/\/cargofuse.com\/#website","url":"https:\/\/cargofuse.com\/","name":"CargoFuse","description":"Import &amp; Export To The World","potentialAction":[{"@type":"SearchAction","target":{"@type":"EntryPoint","urlTemplate":"https:\/\/cargofuse.com\/?s={search_term_string}"},"query-input":{"@type":"PropertyValueSpecification","valueRequired":true,"valueName":"search_term_string"}}],"inLanguage":"fr-FR"}]}},"_links":{"self":[{"href":"https:\/\/cargofuse.com\/fr\/wp-json\/wp\/v2\/pages\/46","targetHints":{"allow":["GET"]}}],"collection":[{"href":"https:\/\/cargofuse.com\/fr\/wp-json\/wp\/v2\/pages"}],"about":[{"href":"https:\/\/cargofuse.com\/fr\/wp-json\/wp\/v2\/types\/page"}],"author":[{"embeddable":true,"href":"https:\/\/cargofuse.com\/fr\/wp-json\/wp\/v2\/users\/1"}],"replies":[{"embeddable":true,"href":"https:\/\/cargofuse.com\/fr\/wp-json\/wp\/v2\/comments?post=46"}],"version-history":[{"count":0,"href":"https:\/\/cargofuse.com\/fr\/wp-json\/wp\/v2\/pages\/46\/revisions"}],"wp:attachment":[{"href":"https:\/\/cargofuse.com\/fr\/wp-json\/wp\/v2\/media?parent=46"}],"curies":[{"name":"wp","href":"https:\/\/api.w.org\/{rel}","templated":true}]}}