{"id":48,"date":"2016-12-20T09:43:18","date_gmt":"2016-12-20T09:43:18","guid":{"rendered":"https:\/\/cargofuse.com\/?page_id=48"},"modified":"2024-12-04T11:41:27","modified_gmt":"2024-12-04T11:41:27","slug":"about-us","status":"publish","type":"page","link":"https:\/\/cargofuse.com\/fr\/","title":{"rendered":"Accueil"},"content":{"rendered":"<p>[et_pb_section fb_built=&#8221;1&#8243; custom_padding_last_edited=&#8221;on|desktop&#8221; admin_label=&#8221;Section&#8221; _builder_version=&#8221;4.16&#8243; custom_padding_tablet=&#8221;50px|0|50px|0&#8243; custom_padding_phone=&#8221;30px|0px|0px|0px&#8221; transparent_background=&#8221;off&#8221; padding_mobile=&#8221;off&#8221; global_colors_info=&#8221;{}&#8221;][et_pb_row padding_mobile=&#8221;off&#8221; column_padding_mobile=&#8221;on&#8221; admin_label=&#8221;Row&#8221; _builder_version=&#8221;4.16&#8243; background_size=&#8221;initial&#8221; background_position=&#8221;top_left&#8221; background_repeat=&#8221;repeat&#8221; custom_padding_phone=&#8221;0px|0px|20px|0px&#8221; global_colors_info=&#8221;{}&#8221;][et_pb_column type=&#8221;4_4&#8243; _builder_version=&#8221;4.16&#8243; custom_padding=&#8221;|||&#8221; global_colors_info=&#8221;{}&#8221; custom_padding__hover=&#8221;|||&#8221;][et_pb_slider admin_label=&#8221;Slider&#8221; _builder_version=&#8221;4.16&#8243; custom_padding=&#8221;|||&#8221; custom_padding_tablet=&#8221;|||&#8221; custom_padding_phone=&#8221;|||&#8221; auto=&#8221;on&#8221; auto_speed=&#8221;4000&#8243; custom_css_slide_description=&#8221;text-align: left; padding-top: 4% !important; padding-bottom: 27% !important; padding-left: 1% !important&#8221; box_shadow_style=&#8221;preset6&#8243; box_shadow_blur=&#8221;10px&#8221; box_shadow_color=&#8221;rgba(0,0,0,0.1)&#8221; button_letter_spacing_hover=&#8221;0&#8243; remove_inner_shadow=&#8221;off&#8221; hide_content_on_mobile=&#8221;off&#8221; hide_cta_on_mobile=&#8221;off&#8221; show_inner_shadow=&#8221;on&#8221; global_colors_info=&#8221;{}&#8221; button_text_size__hover_enabled=&#8221;off&#8221; button_one_text_size__hover_enabled=&#8221;off&#8221; button_two_text_size__hover_enabled=&#8221;off&#8221; button_text_color__hover_enabled=&#8221;off&#8221; button_one_text_color__hover_enabled=&#8221;off&#8221; button_two_text_color__hover_enabled=&#8221;off&#8221; button_border_width__hover_enabled=&#8221;off&#8221; button_one_border_width__hover_enabled=&#8221;off&#8221; button_two_border_width__hover_enabled=&#8221;off&#8221; button_border_color__hover_enabled=&#8221;off&#8221; button_one_border_color__hover_enabled=&#8221;off&#8221; button_two_border_color__hover_enabled=&#8221;off&#8221; button_border_radius__hover_enabled=&#8221;off&#8221; button_one_border_radius__hover_enabled=&#8221;off&#8221; button_two_border_radius__hover_enabled=&#8221;off&#8221; button_letter_spacing__hover_enabled=&#8221;on&#8221; button_letter_spacing__hover=&#8221;0&#8243; button_one_letter_spacing__hover_enabled=&#8221;off&#8221; button_two_letter_spacing__hover_enabled=&#8221;off&#8221; button_bg_color__hover_enabled=&#8221;off&#8221; button_one_bg_color__hover_enabled=&#8221;off&#8221; button_two_bg_color__hover_enabled=&#8221;off&#8221;][et_pb_slide use_bg_overlay=&#8221;off&#8221; use_text_overlay=&#8221;off&#8221; _builder_version=&#8221;4.16&#8243; header_font=&#8221;||||&#8221; body_font=&#8221;||||&#8221; background_color=&#8221;#ffffff&#8221; background_image=&#8221;https:\/\/cargofuse.com\/wp-content\/uploads\/2016\/12\/cargo-Copy.jpg&#8221; button_icon_placement=&#8221;right&#8221; button_on_hover=&#8221;on&#8221; global_colors_info=&#8221;{}&#8221; button_text_size__hover_enabled=&#8221;off&#8221; button_one_text_size__hover_enabled=&#8221;off&#8221; button_two_text_size__hover_enabled=&#8221;off&#8221; button_text_color__hover_enabled=&#8221;off&#8221; button_one_text_color__hover_enabled=&#8221;off&#8221; button_two_text_color__hover_enabled=&#8221;off&#8221; button_border_width__hover_enabled=&#8221;off&#8221; button_one_border_width__hover_enabled=&#8221;off&#8221; button_two_border_width__hover_enabled=&#8221;off&#8221; button_border_color__hover_enabled=&#8221;off&#8221; button_one_border_color__hover_enabled=&#8221;off&#8221; button_two_border_color__hover_enabled=&#8221;off&#8221; button_border_radius__hover_enabled=&#8221;off&#8221; button_one_border_radius__hover_enabled=&#8221;off&#8221; button_two_border_radius__hover_enabled=&#8221;off&#8221; button_letter_spacing__hover_enabled=&#8221;off&#8221; button_one_letter_spacing__hover_enabled=&#8221;off&#8221; button_two_letter_spacing__hover_enabled=&#8221;off&#8221; button_bg_color__hover_enabled=&#8221;off&#8221; button_one_bg_color__hover_enabled=&#8221;off&#8221; button_two_bg_color__hover_enabled=&#8221;off&#8221; sticky_transition=&#8221;on&#8221;] [\/et_pb_slide][et_pb_slide use_bg_overlay=&#8221;off&#8221; use_text_overlay=&#8221;off&#8221; _builder_version=&#8221;4.16&#8243; header_font=&#8221;||||&#8221; body_font=&#8221;||||&#8221; background_color=&#8221;#ffffff&#8221; background_image=&#8221;https:\/\/cargofuse.com\/wp-content\/uploads\/2016\/12\/new-slide.jpg&#8221; button_icon_placement=&#8221;right&#8221; button_on_hover=&#8221;on&#8221; global_colors_info=&#8221;{}&#8221; button_text_size__hover_enabled=&#8221;off&#8221; button_one_text_size__hover_enabled=&#8221;off&#8221; button_two_text_size__hover_enabled=&#8221;off&#8221; button_text_color__hover_enabled=&#8221;off&#8221; button_one_text_color__hover_enabled=&#8221;off&#8221; button_two_text_color__hover_enabled=&#8221;off&#8221; button_border_width__hover_enabled=&#8221;off&#8221; button_one_border_width__hover_enabled=&#8221;off&#8221; button_two_border_width__hover_enabled=&#8221;off&#8221; button_border_color__hover_enabled=&#8221;off&#8221; button_one_border_color__hover_enabled=&#8221;off&#8221; button_two_border_color__hover_enabled=&#8221;off&#8221; button_border_radius__hover_enabled=&#8221;off&#8221; button_one_border_radius__hover_enabled=&#8221;off&#8221; button_two_border_radius__hover_enabled=&#8221;off&#8221; button_letter_spacing__hover_enabled=&#8221;off&#8221; button_one_letter_spacing__hover_enabled=&#8221;off&#8221; button_two_letter_spacing__hover_enabled=&#8221;off&#8221; button_bg_color__hover_enabled=&#8221;off&#8221; button_one_bg_color__hover_enabled=&#8221;off&#8221; button_two_bg_color__hover_enabled=&#8221;off&#8221; sticky_transition=&#8221;on&#8221;] [\/et_pb_slide][et_pb_slide use_bg_overlay=&#8221;off&#8221; use_text_overlay=&#8221;off&#8221; _builder_version=&#8221;4.16&#8243; header_font=&#8221;||||&#8221; body_font=&#8221;||||&#8221; background_color=&#8221;#ffffff&#8221; background_image=&#8221;https:\/\/cargofuse.com\/wp-content\/uploads\/2017\/03\/slide-3-1.jpg&#8221; button_icon_placement=&#8221;right&#8221; button_on_hover=&#8221;on&#8221; global_colors_info=&#8221;{}&#8221; button_text_size__hover_enabled=&#8221;off&#8221; button_one_text_size__hover_enabled=&#8221;off&#8221; button_two_text_size__hover_enabled=&#8221;off&#8221; button_text_color__hover_enabled=&#8221;off&#8221; button_one_text_color__hover_enabled=&#8221;off&#8221; button_two_text_color__hover_enabled=&#8221;off&#8221; button_border_width__hover_enabled=&#8221;off&#8221; button_one_border_width__hover_enabled=&#8221;off&#8221; button_two_border_width__hover_enabled=&#8221;off&#8221; button_border_color__hover_enabled=&#8221;off&#8221; button_one_border_color__hover_enabled=&#8221;off&#8221; button_two_border_color__hover_enabled=&#8221;off&#8221; button_border_radius__hover_enabled=&#8221;off&#8221; button_one_border_radius__hover_enabled=&#8221;off&#8221; button_two_border_radius__hover_enabled=&#8221;off&#8221; button_letter_spacing__hover_enabled=&#8221;off&#8221; button_one_letter_spacing__hover_enabled=&#8221;off&#8221; button_two_letter_spacing__hover_enabled=&#8221;off&#8221; button_bg_color__hover_enabled=&#8221;off&#8221; button_one_bg_color__hover_enabled=&#8221;off&#8221; button_two_bg_color__hover_enabled=&#8221;off&#8221; sticky_transition=&#8221;on&#8221;] [\/et_pb_slide][\/et_pb_slider][\/et_pb_column][\/et_pb_row][\/et_pb_section][et_pb_section fb_built=&#8221;1&#8243; custom_padding_last_edited=&#8221;on|desktop&#8221; admin_label=&#8221;section&#8221; _builder_version=&#8221;4.16&#8243; custom_padding_tablet=&#8221;50px|0|50px|0&#8243; custom_padding_phone=&#8221;0px|0px|50px|0px&#8221; transparent_background=&#8221;off&#8221; padding_mobile=&#8221;off&#8221; global_colors_info=&#8221;{}&#8221;][et_pb_row padding_mobile=&#8221;off&#8221; column_padding_mobile=&#8221;on&#8221; admin_label=&#8221;row&#8221; _builder_version=&#8221;4.16&#8243; background_size=&#8221;initial&#8221; background_position=&#8221;top_left&#8221; background_repeat=&#8221;repeat&#8221; custom_padding_phone=&#8221;18px|0px|30px|0px&#8221; global_colors_info=&#8221;{}&#8221;][et_pb_column type=&#8221;4_4&#8243; _builder_version=&#8221;4.16&#8243; custom_padding=&#8221;|||&#8221; global_colors_info=&#8221;{}&#8221; custom_padding__hover=&#8221;|||&#8221;][et_pb_divider show_divider=&#8221;off&#8221; disabled_on=&#8221;on|on|off&#8221; admin_label=&#8221;Divider&#8221; _builder_version=&#8221;4.16&#8243; hide_on_mobile=&#8221;on&#8221; global_colors_info=&#8221;{}&#8221;] [\/et_pb_divider][et_pb_text admin_label=&#8221;Text&#8221; _builder_version=&#8221;4.16&#8243; header_font=&#8221;|600|||||||&#8221; header_font_size=&#8221;36px&#8221; header_2_font=&#8221;||||||||&#8221; header_2_text_color=&#8221;#5b5b5b&#8221; header_2_font_size=&#8221;27px&#8221; background_size=&#8221;initial&#8221; background_position=&#8221;top_left&#8221; background_repeat=&#8221;repeat&#8221; text_orientation=&#8221;center&#8221; module_alignment=&#8221;center&#8221; use_border_color=&#8221;off&#8221; border_style=&#8221;solid&#8221; global_colors_info=&#8221;{}&#8221;]<\/p>\n<h1 style=\"text-align: center;\">Solutions globales de fret<\/h1>\n<h2 style=\"text-align: center;\"><span style=\"font-size: large;\"><\/span><\/h2>\n<h2 style=\"text-align: center;\"><span style=\"font-size: large;\">\u00a0Chez CargoFuse, notre mission est de veiller \u00e0 ce que votre produit soit livr\u00e9 en toute s\u00e9curit\u00e9 et \u00e0 temps, afin que vous puissiez vous concentrer sur ce qui compte vraiment : votre activit\u00e9.<\/span><\/h2>\n<p>[\/et_pb_text][\/et_pb_column][\/et_pb_row][et_pb_row column_padding_mobile=&#8221;on&#8221; admin_label=&#8221;Row&#8221; _builder_version=&#8221;4.16&#8243; background_size=&#8221;initial&#8221; background_position=&#8221;top_left&#8221; background_repeat=&#8221;repeat&#8221; custom_padding=&#8221;41px|0px|13px|0px|false|false&#8221; global_colors_info=&#8221;{}&#8221; column_structure=&#8221;1_4,1_2,1_4&#8243;][et_pb_column type=&#8221;1_4&#8243; _builder_version=&#8221;4.16&#8243; custom_padding=&#8221;|||&#8221; global_colors_info=&#8221;{}&#8221; custom_padding__hover=&#8221;|||&#8221;][\/et_pb_column][et_pb_column type=&#8221;1_2&#8243; _builder_version=&#8221;4.16&#8243; custom_padding=&#8221;|||&#8221; global_colors_info=&#8221;{}&#8221; custom_padding__hover=&#8221;|||&#8221;][et_pb_divider color=&#8221;#d6d6d6&#8243; divider_style=&#8221;double&#8221; divider_weight=&#8221;4px&#8221; admin_label=&#8221;Divider&#8221; _builder_version=&#8221;4.16&#8243; max_width=&#8221;75%&#8221; module_alignment=&#8221;center&#8221; custom_margin=&#8221;||0px&#8221; hide_on_mobile=&#8221;off&#8221; global_colors_info=&#8221;{}&#8221;] [\/et_pb_divider][et_pb_text admin_label=&#8221;Text&#8221; _builder_version=&#8221;4.16&#8243; text_font=&#8221;||||||||&#8221; text_font_size=&#8221;21px&#8221; header_font=&#8221;|600|||||||&#8221; header_font_size=&#8221;21px&#8221; header_2_font=&#8221;||||||||&#8221; header_2_text_color=&#8221;#5b5b5b&#8221; header_2_font_size=&#8221;21px&#8221; background_size=&#8221;initial&#8221; background_position=&#8221;top_left&#8221; background_repeat=&#8221;repeat&#8221; text_orientation=&#8221;center&#8221; module_alignment=&#8221;center&#8221; custom_margin=&#8221;||13px&#8221; use_border_color=&#8221;off&#8221; border_style=&#8221;solid&#8221; global_colors_info=&#8221;{}&#8221;]<\/p>\n<h2 style=\"text-align: center;\">A temps. Sur la bonne voie. En mouvement<\/h2>\n<p>[\/et_pb_text][et_pb_divider color=&#8221;#d6d6d6&#8243; divider_style=&#8221;double&#8221; divider_weight=&#8221;4px&#8221; admin_label=&#8221;Divider&#8221; _builder_version=&#8221;4.16&#8243; max_width=&#8221;75%&#8221; module_alignment=&#8221;center&#8221; hide_on_mobile=&#8221;off&#8221; global_colors_info=&#8221;{}&#8221;] [\/et_pb_divider][\/et_pb_column][et_pb_column type=&#8221;1_4&#8243; _builder_version=&#8221;4.16&#8243; custom_padding=&#8221;|||&#8221; global_colors_info=&#8221;{}&#8221; custom_padding__hover=&#8221;|||&#8221;][\/et_pb_column][\/et_pb_row][et_pb_row padding_mobile=&#8221;off&#8221; column_padding_mobile=&#8221;on&#8221; admin_label=&#8221;Row&#8221; _builder_version=&#8221;4.16&#8243; background_size=&#8221;initial&#8221; background_position=&#8221;top_left&#8221; background_repeat=&#8221;repeat&#8221; global_colors_info=&#8221;{}&#8221; column_structure=&#8221;1_3,1_3,1_3&#8243;][et_pb_column type=&#8221;1_3&#8243; _builder_version=&#8221;4.16&#8243; custom_padding=&#8221;|||&#8221; global_colors_info=&#8221;{}&#8221; custom_padding__hover=&#8221;|||&#8221;][et_pb_blurb title=&#8221;Ocean&#8221; use_icon=&#8221;on&#8221; font_icon=&#8221;&#xf13d;||fa||900&#8243; image_icon_width=&#8221;86px&#8221; admin_label=&#8221;Blurb&#8221; _builder_version=&#8221;4.25.0&#8243; header_font=&#8221;||||||||&#8221; header_font_size=&#8221;21&#8243; body_font_size=&#8221;17&#8243; background_size=&#8221;initial&#8221; background_position=&#8221;top_left&#8221; background_repeat=&#8221;repeat&#8221; text_orientation=&#8221;center&#8221; animation=&#8221;left&#8221; hover_enabled=&#8221;0&#8243; use_border_color=&#8221;off&#8221; border_color=&#8221;#ffffff&#8221; border_width=&#8221;1px&#8221; border_style=&#8221;solid&#8221; icon_font_size=&#8221;86px&#8221; global_colors_info=&#8221;{}&#8221; icon_color=&#8221;#7ebec5&#8243; sticky_enabled=&#8221;0&#8243;]<\/p>\n<p><span style=\"font-size: 12pt;\">CargoFuse couvre les exp\u00e9ditions de port \u00e0 port, de porte \u00e0 porte, en transit et crois\u00e9es.<br \/><a href=\"https:\/\/cargofuse.com\/fr\/services\/\">en savoir plus...<\/a><\/span><\/p>\n<p>[\/et_pb_blurb][\/et_pb_column][et_pb_column type=&#8221;1_3&#8243; _builder_version=&#8221;4.16&#8243; custom_padding=&#8221;|||&#8221; global_colors_info=&#8221;{}&#8221; custom_padding__hover=&#8221;|||&#8221;][et_pb_blurb title=&#8221;Air&#8221; use_icon=&#8221;on&#8221; font_icon=&#8221;&#xf072;||fa||900&#8243; image_icon_width=&#8221;86px&#8221; admin_label=&#8221;Blurb&#8221; _builder_version=&#8221;4.25.0&#8243; header_font_size=&#8221;21&#8243; body_font_size=&#8221;17&#8243; background_size=&#8221;initial&#8221; background_position=&#8221;top_left&#8221; background_repeat=&#8221;repeat&#8221; text_orientation=&#8221;center&#8221; animation=&#8221;bottom&#8221; hover_enabled=&#8221;0&#8243; use_border_color=&#8221;off&#8221; border_color=&#8221;#ffffff&#8221; border_width=&#8221;1px&#8221; border_style=&#8221;solid&#8221; icon_font_size=&#8221;86px&#8221; global_colors_info=&#8221;{}&#8221; icon_color=&#8221;#7ebec5&#8243; sticky_enabled=&#8221;0&#8243;]<\/p>\n<p><span style=\"font-size: 12pt;\">CargoFuse r\u00e9pond \u00e0 tous les besoins sp\u00e9cifiques et personnalise les services de fret a\u00e9rien pour les projets de grande envergure ou les petits envois express. <a href=\"https:\/\/cargofuse.com\/fr\/services\/\">en savoir plus...<\/a><\/span><\/p>\n<p>[\/et_pb_blurb][\/et_pb_column][et_pb_column type=&#8221;1_3&#8243; _builder_version=&#8221;4.16&#8243; custom_padding=&#8221;|||&#8221; global_colors_info=&#8221;{}&#8221; custom_padding__hover=&#8221;|||&#8221;][et_pb_blurb title=&#8221;Land&#8221; use_icon=&#8221;on&#8221; font_icon=&#8221;&#xf0d1;||fa||900&#8243; image_icon_width=&#8221;86px&#8221; admin_label=&#8221;Blurb&#8221; _builder_version=&#8221;4.25.0&#8243; header_font_size=&#8221;21&#8243; body_font_size=&#8221;17&#8243; background_size=&#8221;initial&#8221; background_position=&#8221;top_left&#8221; background_repeat=&#8221;repeat&#8221; text_orientation=&#8221;center&#8221; animation=&#8221;right&#8221; hover_enabled=&#8221;0&#8243; use_border_color=&#8221;off&#8221; border_color=&#8221;#ffffff&#8221; border_width=&#8221;1px&#8221; border_style=&#8221;solid&#8221; icon_font_size=&#8221;86px&#8221; global_colors_info=&#8221;{}&#8221; sticky_enabled=&#8221;0&#8243;]<\/p>\n<p><span style=\"font-size: 12pt;\">CargoFuse d\u00e9ploie une flotte de camions dans la r\u00e9gion du Moyen-Orient et coordonne ses activit\u00e9s avec diverses agences d'exp\u00e9dition en Irak, au Kowe\u00eft, en Jordanie, en Arabie saoudite, aux \u00c9mirats arabes unis, \u00e0 Oman et au Y\u00e9men.\u00a0 <a href=\"https:\/\/cargofuse.com\/fr\/services\/\">en savoir plus...<\/a><\/span><\/p>\n<p>[\/et_pb_blurb][\/et_pb_column][\/et_pb_row][et_pb_row padding_mobile=&#8221;off&#8221; column_padding_mobile=&#8221;on&#8221; admin_label=&#8221;Row&#8221; _builder_version=&#8221;4.16&#8243; background_size=&#8221;initial&#8221; background_position=&#8221;top_left&#8221; background_repeat=&#8221;repeat&#8221; global_colors_info=&#8221;{}&#8221; column_structure=&#8221;1_4,1_2,1_4&#8243;][et_pb_column type=&#8221;1_4&#8243; _builder_version=&#8221;4.16&#8243; custom_padding=&#8221;|||&#8221; global_colors_info=&#8221;{}&#8221; custom_padding__hover=&#8221;|||&#8221;][\/et_pb_column][et_pb_column type=&#8221;1_2&#8243; _builder_version=&#8221;4.16&#8243; custom_padding=&#8221;|||&#8221; global_colors_info=&#8221;{}&#8221; custom_padding__hover=&#8221;|||&#8221;][et_pb_divider color=&#8221;#d6d6d6&#8243; divider_style=&#8221;double&#8221; divider_weight=&#8221;4px&#8221; admin_label=&#8221;Divider&#8221; _builder_version=&#8221;4.16&#8243; max_width=&#8221;75%&#8221; module_alignment=&#8221;center&#8221; hide_on_mobile=&#8221;off&#8221; global_colors_info=&#8221;{}&#8221;] [\/et_pb_divider][\/et_pb_column][et_pb_column type=&#8221;1_4&#8243; _builder_version=&#8221;4.16&#8243; custom_padding=&#8221;|||&#8221; global_colors_info=&#8221;{}&#8221; custom_padding__hover=&#8221;|||&#8221;][\/et_pb_column][\/et_pb_row][\/et_pb_section]<\/p>","protected":false},"excerpt":{"rendered":"<p>Global Freight Solutions \u00a0At CargoFuse, our mission is to make sure your product is delivered safely and on-time, so you can focus on what truly matters: Your business. On Time. On Track. On the Move CargoFuse covers port-to-port, door-to-door, transit, and cross, shipments.learn more&#8230;CargoFuse handles any specific need and customizes airfreight services for large-scale projects [&hellip;]<\/p>","protected":false},"author":1,"featured_media":0,"parent":0,"menu_order":0,"comment_status":"closed","ping_status":"closed","template":"","meta":{"_et_pb_use_builder":"on","_et_pb_old_content":"","_et_gb_content_width":"","inline_featured_image":false,"footnotes":""},"class_list":["post-48","page","type-page","status-publish","hentry"],"yoast_head":"<!-- This site is optimized with the Yoast SEO plugin v24.0 - https:\/\/yoast.com\/wordpress\/plugins\/seo\/ -->\n<title>CargoFuse<\/title>\n<meta name=\"description\" content=\"Cargofuse shipping, logistics, import export trucks lebanon beirut freight forwarding - \u0643\u0627\u0631\u063a\u0648\u0641\u064a\u0648\u0632 \u0648\u0633\u064a\u0637 \u0646\u0642\u0644 \u0634\u062d\u0646 \u0627\u0633\u062a\u064a\u0631\u0627\u062f \u0648\u062a\u0635\u062f\u064a\u0631 \u0645\u0646 \u0644\u0628\u0646\u0627\u0646 \u0627\u0644\u0649 \u0627\u0644\u0639\u0627\u0644\u0645\" \/>\n<meta name=\"robots\" content=\"index, follow, max-snippet:-1, max-image-preview:large, max-video-preview:-1\" \/>\n<link rel=\"canonical\" href=\"https:\/\/cargofuse.com\/fr\/\" \/>\n<meta property=\"og:locale\" content=\"fr_FR\" \/>\n<meta property=\"og:type\" content=\"article\" \/>\n<meta property=\"og:title\" content=\"CargoFuse\" \/>\n<meta property=\"og:description\" content=\"Cargofuse shipping, logistics, import export trucks lebanon beirut freight forwarding - \u0643\u0627\u0631\u063a\u0648\u0641\u064a\u0648\u0632 \u0648\u0633\u064a\u0637 \u0646\u0642\u0644 \u0634\u062d\u0646 \u0627\u0633\u062a\u064a\u0631\u0627\u062f \u0648\u062a\u0635\u062f\u064a\u0631 \u0645\u0646 \u0644\u0628\u0646\u0627\u0646 \u0627\u0644\u0649 \u0627\u0644\u0639\u0627\u0644\u0645\" \/>\n<meta property=\"og:url\" content=\"https:\/\/cargofuse.com\/fr\/\" \/>\n<meta property=\"og:site_name\" content=\"CargoFuse\" \/>\n<meta property=\"article:modified_time\" content=\"2024-12-04T11:41:27+00:00\" \/>\n<meta name=\"twitter:card\" content=\"summary_large_image\" \/>\n<meta name=\"twitter:label1\" content=\"Dur\u00e9e de lecture estim\u00e9e\" \/>\n\t<meta name=\"twitter:data1\" content=\"9 minutes\" \/>\n<script type=\"application\/ld+json\" class=\"yoast-schema-graph\">{\"@context\":\"https:\/\/schema.org\",\"@graph\":[{\"@type\":\"WebPage\",\"@id\":\"https:\/\/cargofuse.com\/\",\"url\":\"https:\/\/cargofuse.com\/\",\"name\":\"CargoFuse\",\"isPartOf\":{\"@id\":\"https:\/\/cargofuse.com\/#website\"},\"datePublished\":\"2016-12-20T09:43:18+00:00\",\"dateModified\":\"2024-12-04T11:41:27+00:00\",\"description\":\"Cargofuse shipping, logistics, import export trucks lebanon beirut freight forwarding - \u0643\u0627\u0631\u063a\u0648\u0641\u064a\u0648\u0632 \u0648\u0633\u064a\u0637 \u0646\u0642\u0644 \u0634\u062d\u0646 \u0627\u0633\u062a\u064a\u0631\u0627\u062f \u0648\u062a\u0635\u062f\u064a\u0631 \u0645\u0646 \u0644\u0628\u0646\u0627\u0646 \u0627\u0644\u0649 \u0627\u0644\u0639\u0627\u0644\u0645\",\"breadcrumb\":{\"@id\":\"https:\/\/cargofuse.com\/#breadcrumb\"},\"inLanguage\":\"fr-FR\",\"potentialAction\":[{\"@type\":\"ReadAction\",\"target\":[\"https:\/\/cargofuse.com\/\"]}]},{\"@type\":\"BreadcrumbList\",\"@id\":\"https:\/\/cargofuse.com\/#breadcrumb\",\"itemListElement\":[{\"@type\":\"ListItem\",\"position\":1,\"name\":\"Home\",\"item\":\"https:\/\/cargofuse.com\/\"},{\"@type\":\"ListItem\",\"position\":2,\"name\":\"Home\"}]},{\"@type\":\"WebSite\",\"@id\":\"https:\/\/cargofuse.com\/#website\",\"url\":\"https:\/\/cargofuse.com\/\",\"name\":\"CargoFuse\",\"description\":\"Import &amp; Export To The World\",\"potentialAction\":[{\"@type\":\"SearchAction\",\"target\":{\"@type\":\"EntryPoint\",\"urlTemplate\":\"https:\/\/cargofuse.com\/?s={search_term_string}\"},\"query-input\":{\"@type\":\"PropertyValueSpecification\",\"valueRequired\":true,\"valueName\":\"search_term_string\"}}],\"inLanguage\":\"fr-FR\"}]}<\/script>\n<!-- \/ Yoast SEO plugin. -->","yoast_head_json":{"title":"CargoFuse","description":"Cargofuse shipping, logistics, import export trucks lebanon beirut freight forwarding - \u0643\u0627\u0631\u063a\u0648\u0641\u064a\u0648\u0632 \u0648\u0633\u064a\u0637 \u0646\u0642\u0644 \u0634\u062d\u0646 \u0627\u0633\u062a\u064a\u0631\u0627\u062f \u0648\u062a\u0635\u062f\u064a\u0631 \u0645\u0646 \u0644\u0628\u0646\u0627\u0646 \u0627\u0644\u0649 \u0627\u0644\u0639\u0627\u0644\u0645","robots":{"index":"index","follow":"follow","max-snippet":"max-snippet:-1","max-image-preview":"max-image-preview:large","max-video-preview":"max-video-preview:-1"},"canonical":"https:\/\/cargofuse.com\/fr\/","og_locale":"fr_FR","og_type":"article","og_title":"CargoFuse","og_description":"Cargofuse shipping, logistics, import export trucks lebanon beirut freight forwarding - \u0643\u0627\u0631\u063a\u0648\u0641\u064a\u0648\u0632 \u0648\u0633\u064a\u0637 \u0646\u0642\u0644 \u0634\u062d\u0646 \u0627\u0633\u062a\u064a\u0631\u0627\u062f \u0648\u062a\u0635\u062f\u064a\u0631 \u0645\u0646 \u0644\u0628\u0646\u0627\u0646 \u0627\u0644\u0649 \u0627\u0644\u0639\u0627\u0644\u0645","og_url":"https:\/\/cargofuse.com\/fr\/","og_site_name":"CargoFuse","article_modified_time":"2024-12-04T11:41:27+00:00","twitter_card":"summary_large_image","twitter_misc":{"Dur\u00e9e de lecture estim\u00e9e":"9 minutes"},"schema":{"@context":"https:\/\/schema.org","@graph":[{"@type":"WebPage","@id":"https:\/\/cargofuse.com\/","url":"https:\/\/cargofuse.com\/","name":"CargoFuse","isPartOf":{"@id":"https:\/\/cargofuse.com\/#website"},"datePublished":"2016-12-20T09:43:18+00:00","dateModified":"2024-12-04T11:41:27+00:00","description":"Cargofuse shipping, logistics, import export trucks lebanon beirut freight forwarding - \u0643\u0627\u0631\u063a\u0648\u0641\u064a\u0648\u0632 \u0648\u0633\u064a\u0637 \u0646\u0642\u0644 \u0634\u062d\u0646 \u0627\u0633\u062a\u064a\u0631\u0627\u062f \u0648\u062a\u0635\u062f\u064a\u0631 \u0645\u0646 \u0644\u0628\u0646\u0627\u0646 \u0627\u0644\u0649 \u0627\u0644\u0639\u0627\u0644\u0645","breadcrumb":{"@id":"https:\/\/cargofuse.com\/#breadcrumb"},"inLanguage":"fr-FR","potentialAction":[{"@type":"ReadAction","target":["https:\/\/cargofuse.com\/"]}]},{"@type":"BreadcrumbList","@id":"https:\/\/cargofuse.com\/#breadcrumb","itemListElement":[{"@type":"ListItem","position":1,"name":"Home","item":"https:\/\/cargofuse.com\/"},{"@type":"ListItem","position":2,"name":"Home"}]},{"@type":"WebSite","@id":"https:\/\/cargofuse.com\/#website","url":"https:\/\/cargofuse.com\/","name":"CargoFuse","description":"Import &amp; Export To The World","potentialAction":[{"@type":"SearchAction","target":{"@type":"EntryPoint","urlTemplate":"https:\/\/cargofuse.com\/?s={search_term_string}"},"query-input":{"@type":"PropertyValueSpecification","valueRequired":true,"valueName":"search_term_string"}}],"inLanguage":"fr-FR"}]}},"_links":{"self":[{"href":"https:\/\/cargofuse.com\/fr\/wp-json\/wp\/v2\/pages\/48","targetHints":{"allow":["GET"]}}],"collection":[{"href":"https:\/\/cargofuse.com\/fr\/wp-json\/wp\/v2\/pages"}],"about":[{"href":"https:\/\/cargofuse.com\/fr\/wp-json\/wp\/v2\/types\/page"}],"author":[{"embeddable":true,"href":"https:\/\/cargofuse.com\/fr\/wp-json\/wp\/v2\/users\/1"}],"replies":[{"embeddable":true,"href":"https:\/\/cargofuse.com\/fr\/wp-json\/wp\/v2\/comments?post=48"}],"version-history":[{"count":0,"href":"https:\/\/cargofuse.com\/fr\/wp-json\/wp\/v2\/pages\/48\/revisions"}],"wp:attachment":[{"href":"https:\/\/cargofuse.com\/fr\/wp-json\/wp\/v2\/media?parent=48"}],"curies":[{"name":"wp","href":"https:\/\/api.w.org\/{rel}","templated":true}]}}