{"id":60,"date":"2016-12-20T13:18:06","date_gmt":"2016-12-20T13:18:06","guid":{"rendered":"https:\/\/cargofuse.com\/?page_id=60"},"modified":"2025-09-08T16:32:52","modified_gmt":"2025-09-08T16:32:52","slug":"about","status":"publish","type":"page","link":"https:\/\/cargofuse.com\/fr\/about\/","title":{"rendered":"A propos de"},"content":{"rendered":"<p>[et_pb_section fb_built=&#8221;1&#8243; custom_padding_last_edited=&#8221;on|desktop&#8221; admin_label=&#8221;Section&#8221; module_id=&#8221;aboutus&#8221; _builder_version=&#8221;4.16&#8243; custom_padding_tablet=&#8221;50px|0|50px|0&#8243; custom_padding_phone=&#8221;||0px||false|false&#8221; transparent_background=&#8221;off&#8221; global_colors_info=&#8221;{}&#8221;][et_pb_row column_padding_mobile=&#8221;on&#8221; custom_padding_last_edited=&#8221;on|phone&#8221; admin_label=&#8221;Row&#8221; _builder_version=&#8221;4.16&#8243; background_size=&#8221;initial&#8221; background_position=&#8221;top_left&#8221; background_repeat=&#8221;repeat&#8221; custom_padding=&#8221;||61px||false|false&#8221; custom_padding_tablet=&#8221;&#8221; custom_padding_phone=&#8221;&#8221; global_colors_info=&#8221;{}&#8221;][et_pb_column type=&#8221;4_4&#8243; _builder_version=&#8221;4.16&#8243; custom_padding=&#8221;|||&#8221; global_colors_info=&#8221;{}&#8221; custom_padding__hover=&#8221;|||&#8221;][et_pb_divider show_divider=&#8221;off&#8221; disabled_on=&#8221;on|on|off&#8221; admin_label=&#8221;Divider&#8221; _builder_version=&#8221;4.16&#8243; hide_on_mobile=&#8221;on&#8221; global_colors_info=&#8221;{}&#8221;] [\/et_pb_divider][et_pb_text admin_label=&#8221;Text&#8221; module_id=&#8221;Aboutus&#8221; _builder_version=&#8221;4.25.0&#8243; text_line_height=&#8221;1.6em&#8221; background_size=&#8221;initial&#8221; background_position=&#8221;top_left&#8221; background_repeat=&#8221;repeat&#8221; use_border_color=&#8221;off&#8221; border_color=&#8221;#ffffff&#8221; border_style=&#8221;solid&#8221; global_colors_info=&#8221;{}&#8221;]<\/p>\n<h1><strong>A propos de nous<\/strong><\/h1>\n<p>CargoFuse est une entreprise leader dans le domaine du transport et de la logistique, qui offre une qualit\u00e9 de service exceptionnelle gr\u00e2ce \u00e0 une \u00e9quipe professionnelle et experte.<br \/>Ensemble, nous avons la capacit\u00e9 de relever des d\u00e9fis dans plus de 220 pays.<br \/>Qu'il s'agisse de fret maritime, terrestre ou a\u00e9rien, y compris le fret de projet, l'emballage industriel personnalis\u00e9 et le d\u00e9douanement complet.<br \/>CargoFuse n'est pas seulement un prestataire de services logistiques particuli\u00e8rement fiable, c'est aussi un partenaire de confiance.<\/p>\n<p>Notre \u00e9quipe form\u00e9e et exp\u00e9riment\u00e9e est toujours disponible pour vous fournir une gamme compl\u00e8te de services gr\u00e2ce \u00e0 des niveaux \u00e9lev\u00e9s de d\u00e9vouement et d'engagement.<\/p>\n<p><strong>Objectif et valeurs :<\/strong><br \/>Chez CargoFuse, notre objectif est de satisfaire en permanence les besoins de nos clients en mati\u00e8re de transport international afin de maintenir un partenariat permanent. Nous fonctionnons sur la base d'un ensemble de valeurs qui d\u00e9finissent notre culture et nos normes de travail :<\/p>\n<blockquote>\n<p><strong>Professionnalisme et prix abordable :<\/strong> Nous nous engageons \u00e0 fournir des services rapides et pr\u00e9cis aux meilleurs prix du march\u00e9, tout en maintenant un excellent service \u00e0 la client\u00e8le.<\/p>\n<p><strong>Int\u00e9grit\u00e9 et respect :<\/strong> Nous veillons \u00e0 ce que les promesses faites aux clients et aux coll\u00e8gues soient toujours tenues gr\u00e2ce \u00e0 des actions pr\u00e9cises, dans le respect des personnes et des normes sociales.<\/p>\n<p><strong>Ouverture et attention :<\/strong> Nous sommes ouverts aux suggestions et au retour d'information, et nous accueillons le changement pour la croissance et l'am\u00e9lioration, tout en nous souciant du d\u00e9veloppement de nos \u00e9quipes et en garantissant un environnement sain et durable pour une meilleure communaut\u00e9.<\/p>\n<\/blockquote>\n<p>[\/et_pb_text][\/et_pb_column][\/et_pb_row][et_pb_row column_structure=&#8221;1_2,1_2&#8243; module_id=&#8221;founder&#8221; _builder_version=&#8221;4.25.0&#8243; _module_preset=&#8221;default&#8221; custom_margin=&#8221;|auto|122px|auto||&#8221; custom_margin_tablet=&#8221;|auto|122px|auto||&#8221; custom_margin_phone=&#8221;||29px||false|false&#8221; custom_margin_last_edited=&#8221;on|phone&#8221; global_colors_info=&#8221;{}&#8221;][et_pb_column type=&#8221;1_2&#8243; _builder_version=&#8221;4.25.0&#8243; _module_preset=&#8221;default&#8221; global_colors_info=&#8221;{}&#8221;][et_pb_text _builder_version=&#8221;4.25.0&#8243; _module_preset=&#8221;default&#8221; text_text_color=&#8221;#db850d&#8221; text_font_size=&#8221;15px&#8221; text_line_height=&#8221;1.9em&#8221; header_font=&#8221;|700|||||||&#8221; header_line_height=&#8221;0.3em&#8221; header_2_font=&#8221;&#8211;et_global_body_font||||||||&#8221; header_2_font_size=&#8221;18px&#8221; global_colors_info=&#8221;{}&#8221;]<\/p>\n<h1>Rencontrer Antoine<\/h1>\n<p>Founder &#8211; CEO<\/p>\n<h2>La vision derri\u00e8re CargoFuse<\/h2>\n<p>[\/et_pb_text][et_pb_image src=&#8221;http:\/\/cargofuse.com\/wp-content\/uploads\/2025\/08\/Antoine-Mrad.jpeg&#8221; title_text=&#8221;Antoine Mrad&#8221; _builder_version=&#8221;4.25.0&#8243; _module_preset=&#8221;default&#8221; global_colors_info=&#8221;{}&#8221;][\/et_pb_image][\/et_pb_column][et_pb_column type=&#8221;1_2&#8243; _builder_version=&#8221;4.25.0&#8243; _module_preset=&#8221;default&#8221; global_colors_info=&#8221;{}&#8221;][et_pb_text _builder_version=&#8221;4.25.0&#8243; _module_preset=&#8221;default&#8221; text_font_size=&#8221;15px&#8221; custom_padding=&#8221;98px|||||&#8221; custom_padding_tablet=&#8221;98px|||||&#8221; custom_padding_phone=&#8221;0px||||false|false&#8221; custom_padding_last_edited=&#8221;on|phone&#8221; global_colors_info=&#8221;{}&#8221;]<\/p>\n<p>Avec plus de deux d\u00e9cennies d\u2019expertise dans le commerce international et la logistique, Antoine Mrad a construit une carri\u00e8re fa\u00e7onn\u00e9e par des exp\u00e9riences \u00e0 travers le Moyen-Orient, l\u2019Europe, l\u2019Extr\u00eame-Orient et les \u00c9tats-Unis. Son parcours comprend des s\u00e9jours professionnels au Liban, en France, au Br\u00e9sil et aux \u00c9tats-Unis, o\u00f9 il a acquis une connaissance approfondie des cha\u00eenes d\u2019approvisionnement mondiales, des techniques d\u2019exp\u00e9dition innovantes et des op\u00e9rations transfrontali\u00e8res.<\/p>\n<p>En tant que fondateur et PDG de CargoFuse, Antoine est anim\u00e9 par la mission de repousser les fronti\u00e8res et de rendre l\u2019exp\u00e9dition fluide. Il consid\u00e8re que la logistique ne consiste pas seulement \u00e0 transporter des marchandises, mais aussi \u00e0 b\u00e2tir la confiance. Les clients appr\u00e9cient sa capacit\u00e9 \u00e0 allier vision strat\u00e9gique et sens pratique, offrant des solutions transparentes, fiables et tourn\u00e9es vers l\u2019avenir, adapt\u00e9es \u00e0 leurs besoins.<\/p>\n<p>La formation d\u2019Antoine comprend un MBA en management international ainsi que des \u00e9tudes \u00e0 la prestigieuse \u00c9cole Sup\u00e9rieure de Commerce de Grenoble, l\u2019une des principales \u00e9coles de commerce en Europe. Son parcours acad\u00e9mique compl\u00e8te son exp\u00e9rience internationale et renforce la vision et le leadership qui propulsent CargoFuse vers l\u2019avenir.<\/p>\n<p>[\/et_pb_text][\/et_pb_column][\/et_pb_row][\/et_pb_section][et_pb_section fb_built=&#8221;1&#8243; _builder_version=&#8221;4.16&#8243; _module_preset=&#8221;default&#8221; custom_padding=&#8221;1px|||||&#8221; global_colors_info=&#8221;{}&#8221;][et_pb_row column_structure=&#8221;1_3,1_3,1_3&#8243; module_class=&#8221;four-columns&#8221; _builder_version=&#8221;4.16&#8243; _module_preset=&#8221;default&#8221; custom_margin=&#8221;|auto|-37px|auto||&#8221; custom_padding=&#8221;1px||1px|||&#8221; global_colors_info=&#8221;{}&#8221;][et_pb_column type=&#8221;1_3&#8243; _builder_version=&#8221;4.16&#8243; _module_preset=&#8221;default&#8221; global_colors_info=&#8221;{}&#8221;][et_pb_blurb image=&#8221;https:\/\/cargofuse.com\/wp-content\/uploads\/2021\/09\/lfs-2.png&#8221; image_icon_width=&#8221;60%&#8221; image_icon_width_tablet=&#8221;60%&#8221; image_icon_width_phone=&#8221;70%&#8221; image_icon_width_last_edited=&#8221;on|phone&#8221; _builder_version=&#8221;4.24.3&#8243; _module_preset=&#8221;default&#8221; image_max_width_tablet=&#8221;&#8221; image_max_width_phone=&#8221;70%&#8221; image_max_width_last_edited=&#8221;on|phone&#8221; global_colors_info=&#8221;{}&#8221;][\/et_pb_blurb][\/et_pb_column][et_pb_column type=&#8221;1_3&#8243; _builder_version=&#8221;4.16&#8243; _module_preset=&#8221;default&#8221; global_colors_info=&#8221;{}&#8221;][et_pb_blurb image=&#8221;https:\/\/cargofuse.com\/wp-content\/uploads\/2021\/09\/fiata2.png&#8221; image_icon_width=&#8221;60%&#8221; image_icon_width_tablet=&#8221;60%&#8221; image_icon_width_phone=&#8221;70%&#8221; image_icon_width_last_edited=&#8221;on|phone&#8221; _builder_version=&#8221;4.16&#8243; _module_preset=&#8221;default&#8221; image_max_width_tablet=&#8221;&#8221; image_max_width_phone=&#8221;70%&#8221; image_max_width_last_edited=&#8221;on|phone&#8221; global_colors_info=&#8221;{}&#8221;][\/et_pb_blurb][\/et_pb_column][et_pb_column type=&#8221;1_3&#8243; _builder_version=&#8221;4.16&#8243; _module_preset=&#8221;default&#8221; global_colors_info=&#8221;{}&#8221;][et_pb_blurb image=&#8221;https:\/\/cargofuse.com\/wp-content\/uploads\/2021\/09\/alfa.png&#8221; image_icon_width=&#8221;60%&#8221; image_icon_width_tablet=&#8221;60%&#8221; image_icon_width_phone=&#8221;70%&#8221; image_icon_width_last_edited=&#8221;on|phone&#8221; _builder_version=&#8221;4.16&#8243; _module_preset=&#8221;default&#8221; custom_padding=&#8221;0px|||||&#8221; image_max_width_tablet=&#8221;&#8221; image_max_width_phone=&#8221;70%&#8221; image_max_width_last_edited=&#8221;on|phone&#8221; global_colors_info=&#8221;{}&#8221;][\/et_pb_blurb][\/et_pb_column][\/et_pb_row][\/et_pb_section][et_pb_section fb_built=&#8221;1&#8243; custom_padding_last_edited=&#8221;on|desktop&#8221; admin_label=&#8221;section&#8221; module_id=&#8221;abouttheindustry&#8221; _builder_version=&#8221;4.16&#8243; custom_padding=&#8221;38px|||||&#8221; custom_padding_tablet=&#8221;50px|0|50px|0&#8243; custom_padding_phone=&#8221;0px|0|50px|0||&#8221; transparent_background=&#8221;off&#8221; padding_mobile=&#8221;off&#8221; global_colors_info=&#8221;{}&#8221;][et_pb_row padding_mobile=&#8221;off&#8221; column_padding_mobile=&#8221;on&#8221; admin_label=&#8221;row&#8221; _builder_version=&#8221;4.16&#8243; background_size=&#8221;initial&#8221; background_position=&#8221;top_left&#8221; background_repeat=&#8221;repeat&#8221; custom_padding=&#8221;6px|||||&#8221; global_colors_info=&#8221;{}&#8221;][et_pb_column type=&#8221;4_4&#8243; _builder_version=&#8221;4.16&#8243; custom_padding=&#8221;|||&#8221; global_colors_info=&#8221;{}&#8221; custom_padding__hover=&#8221;|||&#8221;][et_pb_text admin_label=&#8221;Text&#8221; module_id=&#8221;abouttheindustry&#8221; _builder_version=&#8221;4.25.0&#8243; text_line_height=&#8221;1.4em&#8221; background_size=&#8221;initial&#8221; background_position=&#8221;top_left&#8221; background_repeat=&#8221;repeat&#8221; use_border_color=&#8221;off&#8221; border_color=&#8221;#ffffff&#8221; border_style=&#8221;solid&#8221; global_colors_info=&#8221;{}&#8221;]<\/p>\n<h1><strong>Notre vision<\/strong><\/h1>\n<p><strong><\/strong><\/p>\n<p><strong>L'excellence en action<\/strong><\/p>\n<p><strong>L'exemplarit\u00e9 en toutes circonstances<\/strong><\/p>\n<p>Avec son empreinte mondiale et ses solutions de transport dans le domaine de la logistique et de la cha\u00eene d'approvisionnement, CargoFuse et tous ses employ\u00e9s doivent montrer l'exemple. Cela signifie qu'ils doivent respecter les normes les plus strictes dans leurs t\u00e2ches quotidiennes et dans les d\u00e9cisions strat\u00e9giques qu'ils prennent.<\/p>\n<p><strong>Confiance en soi pour aller toujours plus loin<\/strong><\/p>\n<p>La confiance est depuis longtemps l'une des valeurs fondamentales du groupe. Elle est inh\u00e9rente \u00e0 notre esprit d'entreprise et \u00e0 notre passion pour le d\u00e9veloppement. La confiance, qui nous permet de d\u00e9passer nos limites, de ne jamais nous contenter et de toujours surmonter tous les obstacles, joue un r\u00f4le fondamental dans notre d\u00e9veloppement continu.<\/p>\n<p>[\/et_pb_text][\/et_pb_column][\/et_pb_row][et_pb_row column_structure=&#8221;1_3,1_3,1_3&#8243; padding_mobile=&#8221;off&#8221; column_padding_mobile=&#8221;on&#8221; admin_label=&#8221;Row&#8221; _builder_version=&#8221;4.16&#8243; background_size=&#8221;initial&#8221; background_position=&#8221;top_left&#8221; background_repeat=&#8221;repeat&#8221; global_colors_info=&#8221;{}&#8221;][et_pb_column type=&#8221;1_3&#8243; _builder_version=&#8221;4.16&#8243; custom_padding=&#8221;|||&#8221; global_colors_info=&#8221;{}&#8221; custom_padding__hover=&#8221;|||&#8221;][\/et_pb_column][et_pb_column type=&#8221;1_3&#8243; _builder_version=&#8221;4.16&#8243; custom_padding=&#8221;|||&#8221; global_colors_info=&#8221;{}&#8221; custom_padding__hover=&#8221;|||&#8221;][et_pb_divider color=&#8221;#adadad&#8221; divider_weight=&#8221;1px&#8221; disabled_on=&#8221;on|on|off&#8221; admin_label=&#8221;Divider&#8221; _builder_version=&#8221;4.16&#8243; hide_on_mobile=&#8221;on&#8221; global_colors_info=&#8221;{}&#8221;] [\/et_pb_divider][\/et_pb_column][et_pb_column type=&#8221;1_3&#8243; _builder_version=&#8221;4.16&#8243; custom_padding=&#8221;|||&#8221; global_colors_info=&#8221;{}&#8221; custom_padding__hover=&#8221;|||&#8221;][\/et_pb_column][\/et_pb_row][\/et_pb_section]<\/p>","protected":false},"excerpt":{"rendered":"<p>About us CargoFuse is a leader company in the field of transportation and logistics, and provides exceptional service quality through a professional and expert team.Together we have the capability to navigate challenges across over 220 countries.Whether its sea, land or air freight including project cargo, customized industry packaging and full customs clearing.CargoFuse is more than [&hellip;]<\/p>","protected":false},"author":1,"featured_media":0,"parent":0,"menu_order":0,"comment_status":"closed","ping_status":"closed","template":"","meta":{"_et_pb_use_builder":"on","_et_pb_old_content":"","_et_gb_content_width":"","inline_featured_image":false,"footnotes":""},"class_list":["post-60","page","type-page","status-publish","hentry"],"yoast_head":"<!-- This site is optimized with the Yoast SEO plugin v24.0 - https:\/\/yoast.com\/wordpress\/plugins\/seo\/ -->\n<title>About - CargoFuse<\/title>\n<meta name=\"robots\" content=\"index, follow, max-snippet:-1, max-image-preview:large, max-video-preview:-1\" \/>\n<link rel=\"canonical\" href=\"https:\/\/cargofuse.com\/fr\/about\/\" \/>\n<meta property=\"og:locale\" content=\"fr_FR\" \/>\n<meta property=\"og:type\" content=\"article\" \/>\n<meta property=\"og:title\" content=\"About - CargoFuse\" \/>\n<meta property=\"og:description\" content=\"About us CargoFuse is a leader company in the field of transportation and logistics, and provides exceptional service quality through a professional and expert team.Together we have the capability to navigate challenges across over 220 countries.Whether its sea, land or air freight including project cargo, customized industry packaging and full customs clearing.CargoFuse is more than [&hellip;]\" \/>\n<meta property=\"og:url\" content=\"https:\/\/cargofuse.com\/fr\/about\/\" \/>\n<meta property=\"og:site_name\" content=\"CargoFuse\" \/>\n<meta property=\"article:modified_time\" content=\"2025-09-08T16:32:52+00:00\" \/>\n<meta name=\"twitter:card\" content=\"summary_large_image\" \/>\n<meta name=\"twitter:label1\" content=\"Dur\u00e9e de lecture estim\u00e9e\" \/>\n\t<meta name=\"twitter:data1\" content=\"7 minutes\" \/>\n<script type=\"application\/ld+json\" class=\"yoast-schema-graph\">{\"@context\":\"https:\/\/schema.org\",\"@graph\":[{\"@type\":\"WebPage\",\"@id\":\"https:\/\/cargofuse.com\/about\/\",\"url\":\"https:\/\/cargofuse.com\/about\/\",\"name\":\"About - CargoFuse\",\"isPartOf\":{\"@id\":\"https:\/\/cargofuse.com\/#website\"},\"datePublished\":\"2016-12-20T13:18:06+00:00\",\"dateModified\":\"2025-09-08T16:32:52+00:00\",\"breadcrumb\":{\"@id\":\"https:\/\/cargofuse.com\/about\/#breadcrumb\"},\"inLanguage\":\"fr-FR\",\"potentialAction\":[{\"@type\":\"ReadAction\",\"target\":[\"https:\/\/cargofuse.com\/about\/\"]}]},{\"@type\":\"BreadcrumbList\",\"@id\":\"https:\/\/cargofuse.com\/about\/#breadcrumb\",\"itemListElement\":[{\"@type\":\"ListItem\",\"position\":1,\"name\":\"Home\",\"item\":\"https:\/\/cargofuse.com\/\"},{\"@type\":\"ListItem\",\"position\":2,\"name\":\"About\"}]},{\"@type\":\"WebSite\",\"@id\":\"https:\/\/cargofuse.com\/#website\",\"url\":\"https:\/\/cargofuse.com\/\",\"name\":\"CargoFuse\",\"description\":\"Import &amp; Export To The World\",\"potentialAction\":[{\"@type\":\"SearchAction\",\"target\":{\"@type\":\"EntryPoint\",\"urlTemplate\":\"https:\/\/cargofuse.com\/?s={search_term_string}\"},\"query-input\":{\"@type\":\"PropertyValueSpecification\",\"valueRequired\":true,\"valueName\":\"search_term_string\"}}],\"inLanguage\":\"fr-FR\"}]}<\/script>\n<!-- \/ Yoast SEO plugin. -->","yoast_head_json":{"title":"About - CargoFuse","robots":{"index":"index","follow":"follow","max-snippet":"max-snippet:-1","max-image-preview":"max-image-preview:large","max-video-preview":"max-video-preview:-1"},"canonical":"https:\/\/cargofuse.com\/fr\/about\/","og_locale":"fr_FR","og_type":"article","og_title":"About - CargoFuse","og_description":"About us CargoFuse is a leader company in the field of transportation and logistics, and provides exceptional service quality through a professional and expert team.Together we have the capability to navigate challenges across over 220 countries.Whether its sea, land or air freight including project cargo, customized industry packaging and full customs clearing.CargoFuse is more than [&hellip;]","og_url":"https:\/\/cargofuse.com\/fr\/about\/","og_site_name":"CargoFuse","article_modified_time":"2025-09-08T16:32:52+00:00","twitter_card":"summary_large_image","twitter_misc":{"Dur\u00e9e de lecture estim\u00e9e":"7 minutes"},"schema":{"@context":"https:\/\/schema.org","@graph":[{"@type":"WebPage","@id":"https:\/\/cargofuse.com\/about\/","url":"https:\/\/cargofuse.com\/about\/","name":"About - CargoFuse","isPartOf":{"@id":"https:\/\/cargofuse.com\/#website"},"datePublished":"2016-12-20T13:18:06+00:00","dateModified":"2025-09-08T16:32:52+00:00","breadcrumb":{"@id":"https:\/\/cargofuse.com\/about\/#breadcrumb"},"inLanguage":"fr-FR","potentialAction":[{"@type":"ReadAction","target":["https:\/\/cargofuse.com\/about\/"]}]},{"@type":"BreadcrumbList","@id":"https:\/\/cargofuse.com\/about\/#breadcrumb","itemListElement":[{"@type":"ListItem","position":1,"name":"Home","item":"https:\/\/cargofuse.com\/"},{"@type":"ListItem","position":2,"name":"About"}]},{"@type":"WebSite","@id":"https:\/\/cargofuse.com\/#website","url":"https:\/\/cargofuse.com\/","name":"CargoFuse","description":"Import &amp; Export To The World","potentialAction":[{"@type":"SearchAction","target":{"@type":"EntryPoint","urlTemplate":"https:\/\/cargofuse.com\/?s={search_term_string}"},"query-input":{"@type":"PropertyValueSpecification","valueRequired":true,"valueName":"search_term_string"}}],"inLanguage":"fr-FR"}]}},"_links":{"self":[{"href":"https:\/\/cargofuse.com\/fr\/wp-json\/wp\/v2\/pages\/60","targetHints":{"allow":["GET"]}}],"collection":[{"href":"https:\/\/cargofuse.com\/fr\/wp-json\/wp\/v2\/pages"}],"about":[{"href":"https:\/\/cargofuse.com\/fr\/wp-json\/wp\/v2\/types\/page"}],"author":[{"embeddable":true,"href":"https:\/\/cargofuse.com\/fr\/wp-json\/wp\/v2\/users\/1"}],"replies":[{"embeddable":true,"href":"https:\/\/cargofuse.com\/fr\/wp-json\/wp\/v2\/comments?post=60"}],"version-history":[{"count":0,"href":"https:\/\/cargofuse.com\/fr\/wp-json\/wp\/v2\/pages\/60\/revisions"}],"wp:attachment":[{"href":"https:\/\/cargofuse.com\/fr\/wp-json\/wp\/v2\/media?parent=60"}],"curies":[{"name":"wp","href":"https:\/\/api.w.org\/{rel}","templated":true}]}}