{"id":64,"date":"2016-12-20T13:20:40","date_gmt":"2016-12-20T13:20:40","guid":{"rendered":"https:\/\/cargofuse.com\/?page_id=64"},"modified":"2021-07-05T18:22:24","modified_gmt":"2021-07-05T18:22:24","slug":"services","status":"publish","type":"page","link":"https:\/\/cargofuse.com\/fr\/services\/","title":{"rendered":"Services"},"content":{"rendered":"<p>[et_pb_section fb_built=&#8221;1&#8243; inner_shadow=&#8221;on&#8221; fullwidth=&#8221;on&#8221; custom_padding_last_edited=&#8221;on|desktop&#8221; admin_label=&#8221;Section&#8221; _builder_version=&#8221;3.0.74&#8243; background_color=&#8221;rgba(219,219,219,0.25)&#8221; custom_padding_tablet=&#8221;50px|0|50px|0&#8243; transparent_background=&#8221;off&#8221; padding_mobile=&#8221;off&#8221;][et_pb_fullwidth_header title=&#8221;What We Offer&#8221; text_orientation=&#8221;center&#8221; header_fullscreen=&#8221;on&#8221; header_scroll_down=&#8221;on&#8221; scroll_down_icon=&#8221;%%1%%&#8221; scroll_down_icon_color=&#8221;#3d3d3d&#8221; background_overlay_color=&#8221;rgba(25,0,0,0)&#8221; admin_label=&#8221;Fullwidth Header&#8221; _builder_version=&#8221;3.18.2&#8243; title_font_size=&#8221;44px&#8221; content_font=&#8221;||||||||&#8221; content_text_color=&#8221;#ffffff&#8221; content_font_size=&#8221;20px&#8221; background_color=&#8221;rgba(255,255,255,0)&#8221; parallax=&#8221;on&#8221; background_layout=&#8221;light&#8221; button_one_letter_spacing_hover=&#8221;0&#8243; button_two_letter_spacing_hover=&#8221;0&#8243; button_one_text_size__hover_enabled=&#8221;off&#8221; button_two_text_size__hover_enabled=&#8221;off&#8221; button_one_text_color__hover_enabled=&#8221;off&#8221; button_two_text_color__hover_enabled=&#8221;off&#8221; button_one_border_width__hover_enabled=&#8221;off&#8221; button_two_border_width__hover_enabled=&#8221;off&#8221; button_one_border_color__hover_enabled=&#8221;off&#8221; button_two_border_color__hover_enabled=&#8221;off&#8221; button_one_border_radius__hover_enabled=&#8221;off&#8221; button_two_border_radius__hover_enabled=&#8221;off&#8221; button_one_letter_spacing__hover_enabled=&#8221;on&#8221; button_one_letter_spacing__hover=&#8221;0&#8243; button_two_letter_spacing__hover_enabled=&#8221;on&#8221; button_two_letter_spacing__hover=&#8221;0&#8243; button_one_bg_color__hover_enabled=&#8221;off&#8221; button_two_bg_color__hover_enabled=&#8221;off&#8221; content_line_height=&#8221;1.5em&#8221;]<span style=\"color: #000000;\">\u00a0<\/span><\/p>\n<p><span style=\"color: #000000;\">CargoFuse propose des solutions logistiques avanc\u00e9es \u00e0 ses clients gr\u00e2ce \u00e0 des services personnalis\u00e9s et adapt\u00e9s \u00e0 leurs besoins. Nous garantissons \u00e9galement une efficacit\u00e9 en termes de co\u00fbts et de temps en acheminant le fret de la mani\u00e8re la plus \u00e9conomique et la plus rapide. Nous choisissons les itin\u00e9raires qui offrent le meilleur \u00e9quilibre entre la vitesse et le co\u00fbt, sans compromettre la fiabilit\u00e9.<\/span>[\/et_pb_fullwidth_header][\/et_pb_section][et_pb_section fb_built=&#8221;1&#8243; custom_padding_last_edited=&#8221;on|desktop&#8221; admin_label=&#8221;section&#8221; _builder_version=&#8221;3.0.74&#8243; background_color=&#8221;rgba(51,185,234,0.88)&#8221; background_image=&#8221;https:\/\/cargofuse.com\/wp-content\/uploads\/2016\/12\/sayagata-400px-Copy.png&#8221; parallax=&#8221;on&#8221; parallax_method=&#8221;off&#8221; custom_padding_tablet=&#8221;50px|0|50px|0&#8243; transparent_background=&#8221;off&#8221; padding_mobile=&#8221;off&#8221;][et_pb_row admin_label=&#8221;Row&#8221; _builder_version=&#8221;3.0.48&#8243; background_size=&#8221;initial&#8221; background_position=&#8221;top_left&#8221; background_repeat=&#8221;repeat&#8221;][et_pb_column type=&#8221;4_4&#8243; _builder_version=&#8221;3.0.47&#8243; parallax=&#8221;off&#8221; parallax_method=&#8221;on&#8221;][et_pb_divider show_divider=&#8221;off&#8221; disabled_on=&#8221;on|on|off&#8221; admin_label=&#8221;Divider&#8221; _builder_version=&#8221;3.2&#8243; hide_on_mobile=&#8221;on&#8221;] [\/et_pb_divider][\/et_pb_column][\/et_pb_row][et_pb_row padding_mobile=&#8221;off&#8221; column_padding_mobile=&#8221;on&#8221; parallax_method_1=&#8221;off&#8221; parallax_method_2=&#8221;off&#8221; admin_label=&#8221;row&#8221; _builder_version=&#8221;3.0.48&#8243; background_size=&#8221;initial&#8221; background_position=&#8221;top_left&#8221; background_repeat=&#8221;repeat&#8221;][et_pb_column type=&#8221;1_2&#8243; _builder_version=&#8221;3.0.47&#8243; column_padding_mobile=&#8221;on&#8221; parallax=&#8221;off&#8221; parallax_method=&#8221;off&#8221;][et_pb_toggle title=&#8221;Air freight&#8221; closed_toggle_background_color=&#8221;#f9f9f9&#8243; icon_color=&#8221;#565656&#8243; admin_label=&#8221;Toggle&#8221; _builder_version=&#8221;3.18.2&#8243; title_font=&#8221;|on|||&#8221; background_size=&#8221;initial&#8221; background_position=&#8221;top_left&#8221; background_repeat=&#8221;repeat&#8221; use_border_color=&#8221;off&#8221; border_color=&#8221;#ffffff&#8221; border_style=&#8221;solid&#8221;]<\/p>\n<p>CargoFuse r\u00e9pond \u00e0 tous les besoins sp\u00e9cifiques et personnalise les services de fret a\u00e9rien pour les projets de grande envergure ou les petits envois express de porte \u00e0 porte, de terminal \u00e0 terminal, ou tout ce qui se trouve entre les deux. Les envois sont ex\u00e9cut\u00e9s rapidement et dans les d\u00e9lais impartis.<\/p>\n<p>[\/et_pb_toggle][et_pb_toggle title=&#8221;Sea freight&#8221; closed_toggle_background_color=&#8221;#f9f9f9&#8243; icon_color=&#8221;#565656&#8243; admin_label=&#8221;Sea Freight&#8221; _builder_version=&#8221;3.18.2&#8243; title_font=&#8221;|on|||&#8221; background_size=&#8221;initial&#8221; background_position=&#8221;top_left&#8221; background_repeat=&#8221;repeat&#8221; use_border_color=&#8221;off&#8221; border_color=&#8221;#ffffff&#8221; border_style=&#8221;solid&#8221;]<\/p>\n<p>CargoFuse travaille en partenariat avec des r\u00e9seaux internationaux disposant d'une vaste couverture mondiale, et g\u00e8re les exp\u00e9ditions de port \u00e0 port, de porte \u00e0 porte, de transit et les exp\u00e9ditions crois\u00e9es. Nous coordonnons l'ensemble du processus, depuis le choix des itin\u00e9raires, du mat\u00e9riel de chargement et des transporteurs jusqu'\u00e0 l'ex\u00e9cution d'un transport maritime fiable, avec un flux de documentation simple. <a href=\"https:\/\/cargofuse.com\/fr\/CONTAINER-SPECS.pdf\/\" target=\"_blank\" rel=\"noopener noreferrer\">T\u00e9l\u00e9charger les sp\u00e9cifications des conteneurs de fret maritime<\/a>.<\/p>\n<p>[\/et_pb_toggle][et_pb_toggle title=&#8221;Land Freight&#8221; closed_toggle_background_color=&#8221;#f9f9f9&#8243; icon_color=&#8221;#565656&#8243; admin_label=&#8221;Toggle&#8221; _builder_version=&#8221;3.18.2&#8243; title_font=&#8221;|on|||&#8221; background_size=&#8221;initial&#8221; background_position=&#8221;top_left&#8221; background_repeat=&#8221;repeat&#8221; use_border_color=&#8221;off&#8221; border_color=&#8221;#ffffff&#8221; border_style=&#8221;solid&#8221;]<\/p>\n<p>CargoFuse d\u00e9ploie une flotte de camions dans la r\u00e9gion du Moyen-Orient et coordonne ses activit\u00e9s avec diverses agences d'exp\u00e9dition en Irak, au Kowe\u00eft, en Jordanie, en Arabie saoudite, aux \u00c9mirats arabes unis, \u00e0 Oman et au Y\u00e9men. Cela permet \u00e0 CargoFuse d'offrir des services porte \u00e0 porte pr\u00e9cis et rapides, ainsi qu'une supervision op\u00e9rationnelle. Nos camions circulent quotidiennement au Moyen-Orient.<\/p>\n<p>[\/et_pb_toggle][et_pb_toggle title=&#8221;Specialty Cargo&#8221; closed_toggle_background_color=&#8221;#f9f9f9&#8243; icon_color=&#8221;#565656&#8243; admin_label=&#8221;Toggle&#8221; _builder_version=&#8221;3.18.2&#8243; title_font=&#8221;|on|||&#8221; background_size=&#8221;initial&#8221; background_position=&#8221;top_left&#8221; background_repeat=&#8221;repeat&#8221; use_border_color=&#8221;off&#8221; border_color=&#8221;#ffffff&#8221; border_style=&#8221;solid&#8221;]<\/p>\n<p>CargoFuse propose des services de transport pour les produits r\u00e9frig\u00e9r\u00e9s, surdimensionn\u00e9s et dangereux.  Les fournitures qui n\u00e9cessitent une r\u00e9frig\u00e9ration avant l'exp\u00e9dition et tout au long du processus de chargement, de d\u00e9chargement et d'\u00e9tiquetage des marchandises sont trait\u00e9es avec une attention particuli\u00e8re. Nous fournissons \u00e9galement des services d'emballage, sur demande. Notre priorit\u00e9 est de toujours maintenir les produits dans des conditions id\u00e9ales pendant le processus de transport.<\/p>\n<p>[\/et_pb_toggle][et_pb_toggle title=&#8221;Consolidation&#8221; closed_toggle_background_color=&#8221;#f9f9f9&#8243; icon_color=&#8221;#565656&#8243; admin_label=&#8221;Toggle&#8221; _builder_version=&#8221;3.18.2&#8243; title_font=&#8221;|on|||&#8221; background_size=&#8221;initial&#8221; background_position=&#8221;top_left&#8221; background_repeat=&#8221;repeat&#8221; use_border_color=&#8221;off&#8221; border_color=&#8221;#ffffff&#8221; border_style=&#8221;solid&#8221;]<\/p>\n<p>CargoFuse charge et co-charge des consolidations hebdomadaires \u00e0 destination et en provenance de divers march\u00e9s dans le monde. La consolidation permet une tarification efficace, tout en garantissant des temps de transit plus courts. Gr\u00e2ce \u00e0 son r\u00e9seau mondial d'agents, CargoFuse propose divers services de consolidation des importations et des exportations.<\/p>\n<p>[\/et_pb_toggle][\/et_pb_column][et_pb_column type=&#8221;1_2&#8243; _builder_version=&#8221;3.0.47&#8243; column_padding_mobile=&#8221;on&#8221; parallax=&#8221;off&#8221; parallax_method=&#8221;off&#8221;][et_pb_toggle title=&#8221;Warehousing&#8221; closed_toggle_background_color=&#8221;#f9f9f9&#8243; icon_color=&#8221;#565656&#8243; admin_label=&#8221;Toggle&#8221; _builder_version=&#8221;3.18.2&#8243; title_font=&#8221;|on|||&#8221; background_size=&#8221;initial&#8221; background_position=&#8221;top_left&#8221; background_repeat=&#8221;repeat&#8221; use_border_color=&#8221;off&#8221; border_color=&#8221;#ffffff&#8221; border_style=&#8221;solid&#8221;]<\/p>\n<p>CargoFuse propose des solutions d'entreposage et de stockage \u00e0 court et \u00e0 long terme dans plusieurs lieux strat\u00e9giques au Liban. Ces solutions facilitent et acc\u00e9l\u00e8rent les services de distribution et garantissent une efficacit\u00e9 commerciale maximale.<\/p>\n<p>[\/et_pb_toggle][et_pb_toggle title=&#8221;Door to Door Delivery&#8221; closed_toggle_background_color=&#8221;#f9f9f9&#8243; icon_color=&#8221;#565656&#8243; admin_label=&#8221;Toggle&#8221; _builder_version=&#8221;3.18.2&#8243; title_font=&#8221;|on|||&#8221; background_size=&#8221;initial&#8221; background_position=&#8221;top_left&#8221; background_repeat=&#8221;repeat&#8221; use_border_color=&#8221;off&#8221; border_color=&#8221;#ffffff&#8221; border_style=&#8221;solid&#8221;]<\/p>\n<p>Outre les livraisons internationales \u00e0 domicile, CargoFuse propose un service national complet, express et s\u00e9curis\u00e9, de porte \u00e0 porte.<\/p>\n<p>[\/et_pb_toggle][et_pb_toggle title=&#8221;Break Bulk Equipment&#8221; closed_toggle_background_color=&#8221;#f9f9f9&#8243; icon_color=&#8221;#565656&#8243; admin_label=&#8221;Toggle&#8221; _builder_version=&#8221;3.18.2&#8243; title_font=&#8221;|on|||&#8221; background_size=&#8221;initial&#8221; background_position=&#8221;top_left&#8221; background_repeat=&#8221;repeat&#8221; use_border_color=&#8221;off&#8221; border_color=&#8221;#ffffff&#8221; border_style=&#8221;solid&#8221;]<\/p>\n<p>CargoFuse poss\u00e8de une vaste exp\u00e9rience mondiale dans le transport d'\u00e9quipements et de mat\u00e9riels lourds, en toute s\u00e9curit\u00e9, gr\u00e2ce au contr\u00f4le et \u00e0 la supervision des op\u00e9rations.<\/p>\n<p>[\/et_pb_toggle][et_pb_toggle title=&#8221;Customs Brokerage&#8221; closed_toggle_background_color=&#8221;#f9f9f9&#8243; icon_color=&#8221;#565656&#8243; admin_label=&#8221;Toggle&#8221; _builder_version=&#8221;3.18.2&#8243; title_font=&#8221;|on|||&#8221; background_size=&#8221;initial&#8221; background_position=&#8221;top_left&#8221; background_repeat=&#8221;repeat&#8221; use_border_color=&#8221;off&#8221; border_color=&#8221;#ffffff&#8221; border_style=&#8221;solid&#8221;]<\/p>\n<p>CargoFuse fournit un service de d\u00e9douanement exceptionnel pour les marchandises import\u00e9es, export\u00e9es et en transit, gr\u00e2ce \u00e0 un personnel tr\u00e8s exp\u00e9riment\u00e9. Nous tenons \u00e0 v\u00e9rifier et \u00e0 nous conformer \u00e0 tous les aspects de la documentation avant le d\u00e9part de l'exp\u00e9dition afin de faciliter le contr\u00f4le douanier et la supervision de l'inspection, le d\u00e9douanement des marchandises, la communication entre l'importateur et l'exportateur et, en fin de compte, d'\u00e9viter tout retard inutile et tout probl\u00e8me avec les douanes.<\/p>\n<p>[\/et_pb_toggle][et_pb_toggle title=&#8221;Trading Consultation &#8221; closed_toggle_background_color=&#8221;#f9f9f9&#8243; icon_color=&#8221;#565656&#8243; admin_label=&#8221;Toggle&#8221; _builder_version=&#8221;3.18.2&#8243; title_font=&#8221;|on|||&#8221; background_size=&#8221;initial&#8221; background_position=&#8221;top_left&#8221; background_repeat=&#8221;repeat&#8221; use_border_color=&#8221;off&#8221; border_color=&#8221;#ffffff&#8221; border_style=&#8221;solid&#8221;]<\/p>\n<p>Nous sommes fiers d'attribuer notre succ\u00e8s \u00e0 notre \u00e9quipe hautement professionnelle. Nos experts s'efforcent de rester au fait des r\u00e8gles et r\u00e9glementations locales et internationales li\u00e9es \u00e0 ce secteur, des meilleurs itin\u00e9raires, des \u00e9quipements les plus adapt\u00e9s et des solutions les plus innovantes. Nos consultants sp\u00e9cialis\u00e9s vous fourniront toutes les informations et les conseils n\u00e9cessaires pour garantir la conformit\u00e9 l\u00e9gale, l'efficacit\u00e9 et la fiabilit\u00e9 \u00e0 tout moment.<\/p>\n<p>[\/et_pb_toggle][\/et_pb_column][\/et_pb_row][\/et_pb_section]<\/p>","protected":false},"excerpt":{"rendered":"<p>\u00a0 CargoFuse offers advanced logistic solutions to its customers through customized and tailored services based on clients\u2019 needs. We also ensure cost and time efficiency through the moving of freight in the most economical and fastest ways. We choose routes that best balance between speed and cost, without jeopardizing reliability. CargoFuse handles any specific need [&hellip;]<\/p>","protected":false},"author":1,"featured_media":0,"parent":0,"menu_order":0,"comment_status":"closed","ping_status":"closed","template":"","meta":{"_et_pb_use_builder":"on","_et_pb_old_content":"","_et_gb_content_width":"","inline_featured_image":false,"footnotes":""},"class_list":["post-64","page","type-page","status-publish","hentry"],"yoast_head":"<!-- This site is optimized with the Yoast SEO plugin v24.0 - https:\/\/yoast.com\/wordpress\/plugins\/seo\/ -->\n<title>Services - CargoFuse<\/title>\n<meta name=\"robots\" content=\"index, follow, max-snippet:-1, max-image-preview:large, max-video-preview:-1\" \/>\n<link rel=\"canonical\" href=\"https:\/\/cargofuse.com\/fr\/services\/\" \/>\n<meta property=\"og:locale\" content=\"fr_FR\" \/>\n<meta property=\"og:type\" content=\"article\" \/>\n<meta property=\"og:title\" content=\"Services - CargoFuse\" \/>\n<meta property=\"og:description\" content=\"\u00a0 CargoFuse offers advanced logistic solutions to its customers through customized and tailored services based on clients\u2019 needs. We also ensure cost and time efficiency through the moving of freight in the most economical and fastest ways. We choose routes that best balance between speed and cost, without jeopardizing reliability. CargoFuse handles any specific need [&hellip;]\" \/>\n<meta property=\"og:url\" content=\"https:\/\/cargofuse.com\/fr\/services\/\" \/>\n<meta property=\"og:site_name\" content=\"CargoFuse\" \/>\n<meta property=\"article:modified_time\" content=\"2021-07-05T18:22:24+00:00\" \/>\n<meta name=\"twitter:card\" content=\"summary_large_image\" \/>\n<meta name=\"twitter:label1\" content=\"Dur\u00e9e de lecture estim\u00e9e\" \/>\n\t<meta name=\"twitter:data1\" content=\"7 minutes\" \/>\n<script type=\"application\/ld+json\" class=\"yoast-schema-graph\">{\"@context\":\"https:\/\/schema.org\",\"@graph\":[{\"@type\":\"WebPage\",\"@id\":\"https:\/\/cargofuse.com\/services\/\",\"url\":\"https:\/\/cargofuse.com\/services\/\",\"name\":\"Services - CargoFuse\",\"isPartOf\":{\"@id\":\"https:\/\/cargofuse.com\/#website\"},\"datePublished\":\"2016-12-20T13:20:40+00:00\",\"dateModified\":\"2021-07-05T18:22:24+00:00\",\"breadcrumb\":{\"@id\":\"https:\/\/cargofuse.com\/services\/#breadcrumb\"},\"inLanguage\":\"fr-FR\",\"potentialAction\":[{\"@type\":\"ReadAction\",\"target\":[\"https:\/\/cargofuse.com\/services\/\"]}]},{\"@type\":\"BreadcrumbList\",\"@id\":\"https:\/\/cargofuse.com\/services\/#breadcrumb\",\"itemListElement\":[{\"@type\":\"ListItem\",\"position\":1,\"name\":\"Home\",\"item\":\"https:\/\/cargofuse.com\/\"},{\"@type\":\"ListItem\",\"position\":2,\"name\":\"Services\"}]},{\"@type\":\"WebSite\",\"@id\":\"https:\/\/cargofuse.com\/#website\",\"url\":\"https:\/\/cargofuse.com\/\",\"name\":\"CargoFuse\",\"description\":\"Import &amp; Export To The World\",\"potentialAction\":[{\"@type\":\"SearchAction\",\"target\":{\"@type\":\"EntryPoint\",\"urlTemplate\":\"https:\/\/cargofuse.com\/?s={search_term_string}\"},\"query-input\":{\"@type\":\"PropertyValueSpecification\",\"valueRequired\":true,\"valueName\":\"search_term_string\"}}],\"inLanguage\":\"fr-FR\"}]}<\/script>\n<!-- \/ Yoast SEO plugin. -->","yoast_head_json":{"title":"Services - CargoFuse","robots":{"index":"index","follow":"follow","max-snippet":"max-snippet:-1","max-image-preview":"max-image-preview:large","max-video-preview":"max-video-preview:-1"},"canonical":"https:\/\/cargofuse.com\/fr\/services\/","og_locale":"fr_FR","og_type":"article","og_title":"Services - CargoFuse","og_description":"\u00a0 CargoFuse offers advanced logistic solutions to its customers through customized and tailored services based on clients\u2019 needs. We also ensure cost and time efficiency through the moving of freight in the most economical and fastest ways. We choose routes that best balance between speed and cost, without jeopardizing reliability. CargoFuse handles any specific need [&hellip;]","og_url":"https:\/\/cargofuse.com\/fr\/services\/","og_site_name":"CargoFuse","article_modified_time":"2021-07-05T18:22:24+00:00","twitter_card":"summary_large_image","twitter_misc":{"Dur\u00e9e de lecture estim\u00e9e":"7 minutes"},"schema":{"@context":"https:\/\/schema.org","@graph":[{"@type":"WebPage","@id":"https:\/\/cargofuse.com\/services\/","url":"https:\/\/cargofuse.com\/services\/","name":"Services - CargoFuse","isPartOf":{"@id":"https:\/\/cargofuse.com\/#website"},"datePublished":"2016-12-20T13:20:40+00:00","dateModified":"2021-07-05T18:22:24+00:00","breadcrumb":{"@id":"https:\/\/cargofuse.com\/services\/#breadcrumb"},"inLanguage":"fr-FR","potentialAction":[{"@type":"ReadAction","target":["https:\/\/cargofuse.com\/services\/"]}]},{"@type":"BreadcrumbList","@id":"https:\/\/cargofuse.com\/services\/#breadcrumb","itemListElement":[{"@type":"ListItem","position":1,"name":"Home","item":"https:\/\/cargofuse.com\/"},{"@type":"ListItem","position":2,"name":"Services"}]},{"@type":"WebSite","@id":"https:\/\/cargofuse.com\/#website","url":"https:\/\/cargofuse.com\/","name":"CargoFuse","description":"Import &amp; Export To The World","potentialAction":[{"@type":"SearchAction","target":{"@type":"EntryPoint","urlTemplate":"https:\/\/cargofuse.com\/?s={search_term_string}"},"query-input":{"@type":"PropertyValueSpecification","valueRequired":true,"valueName":"search_term_string"}}],"inLanguage":"fr-FR"}]}},"_links":{"self":[{"href":"https:\/\/cargofuse.com\/fr\/wp-json\/wp\/v2\/pages\/64","targetHints":{"allow":["GET"]}}],"collection":[{"href":"https:\/\/cargofuse.com\/fr\/wp-json\/wp\/v2\/pages"}],"about":[{"href":"https:\/\/cargofuse.com\/fr\/wp-json\/wp\/v2\/types\/page"}],"author":[{"embeddable":true,"href":"https:\/\/cargofuse.com\/fr\/wp-json\/wp\/v2\/users\/1"}],"replies":[{"embeddable":true,"href":"https:\/\/cargofuse.com\/fr\/wp-json\/wp\/v2\/comments?post=64"}],"version-history":[{"count":0,"href":"https:\/\/cargofuse.com\/fr\/wp-json\/wp\/v2\/pages\/64\/revisions"}],"wp:attachment":[{"href":"https:\/\/cargofuse.com\/fr\/wp-json\/wp\/v2\/media?parent=64"}],"curies":[{"name":"wp","href":"https:\/\/api.w.org\/{rel}","templated":true}]}}